{"id":66,"date":"2016-04-14T15:55:27","date_gmt":"2016-04-14T13:55:27","guid":{"rendered":"http:\/\/www.proipafisa.com\/2_0\/?page_id=66"},"modified":"2023-03-13T21:04:43","modified_gmt":"2023-03-13T20:04:43","slug":"empresa","status":"publish","type":"page","link":"https:\/\/www.proipafisa.com\/en\/empresa\/","title":{"rendered":"Company"},"content":{"rendered":"\t\t<div data-elementor-type=\"wp-page\" data-elementor-id=\"66\" class=\"elementor elementor-66\" data-elementor-post-type=\"page\">\n\t\t\t\t\t\t<section class=\"elementor-section elementor-top-section elementor-element elementor-element-473babf elementor-section-boxed elementor-section-height-default elementor-section-height-default\" data-id=\"473babf\" data-element_type=\"section\" data-e-type=\"section\" data-settings=\"{&quot;background_background&quot;:&quot;classic&quot;,&quot;background_motion_fx_motion_fx_scrolling&quot;:&quot;yes&quot;,&quot;background_motion_fx_translateY_effect&quot;:&quot;yes&quot;,&quot;background_motion_fx_translateY_direction&quot;:&quot;negative&quot;,&quot;background_motion_fx_translateY_speed&quot;:{&quot;unit&quot;:&quot;px&quot;,&quot;size&quot;:4.2,&quot;sizes&quot;:[]},&quot;background_motion_fx_translateY_affectedRange&quot;:{&quot;unit&quot;:&quot;%&quot;,&quot;size&quot;:&quot;&quot;,&quot;sizes&quot;:{&quot;start&quot;:78,&quot;end&quot;:100}},&quot;background_motion_fx_range&quot;:&quot;viewport&quot;,&quot;background_motion_fx_devices&quot;:[&quot;desktop&quot;,&quot;tablet&quot;,&quot;mobile&quot;]}\">\n\t\t\t\t\t\t<div class=\"elementor-container elementor-column-gap-default\">\n\t\t\t\t\t<div class=\"elementor-column elementor-col-100 elementor-top-column elementor-element elementor-element-2defb92\" data-id=\"2defb92\" data-element_type=\"column\" data-e-type=\"column\">\n\t\t\t<div class=\"elementor-widget-wrap elementor-element-populated\">\n\t\t\t\t\t\t<div class=\"elementor-element elementor-element-e4d4c50 elementor-widget elementor-widget-spacer\" data-id=\"e4d4c50\" data-element_type=\"widget\" data-e-type=\"widget\" data-widget_type=\"spacer.default\">\n\t\t\t\t<div class=\"elementor-widget-container\">\n\t\t\t\t\t\t\t<div class=\"elementor-spacer\">\n\t\t\t<div class=\"elementor-spacer-inner\"><\/div>\n\t\t<\/div>\n\t\t\t\t\t\t<\/div>\n\t\t\t\t<\/div>\n\t\t\t\t\t<\/div>\n\t\t<\/div>\n\t\t\t\t\t<\/div>\n\t\t<\/section>\n\t\t\t\t<section class=\"elementor-section elementor-top-section elementor-element elementor-element-2832345 elementor-reverse-tablet elementor-reverse-mobile elementor-section-boxed elementor-section-height-default elementor-section-height-default elementor-invisible\" data-id=\"2832345\" data-element_type=\"section\" data-e-type=\"section\" data-settings=\"{&quot;animation&quot;:&quot;fadeInUp&quot;}\">\n\t\t\t\t\t\t<div class=\"elementor-container elementor-column-gap-default\">\n\t\t\t\t\t<div class=\"elementor-column elementor-col-50 elementor-top-column elementor-element elementor-element-01479b7\" data-id=\"01479b7\" data-element_type=\"column\" data-e-type=\"column\">\n\t\t\t<div class=\"elementor-widget-wrap elementor-element-populated\">\n\t\t\t\t\t<div class=\"elementor-background-overlay\"><\/div>\n\t\t\t\t\t\t<div class=\"elementor-element elementor-element-ffee802 elementor-invisible elementor-widget elementor-widget-image\" data-id=\"ffee802\" data-element_type=\"widget\" data-e-type=\"widget\" data-settings=\"{&quot;_animation&quot;:&quot;zoomIn&quot;}\" data-widget_type=\"image.default\">\n\t\t\t\t<div class=\"elementor-widget-container\">\n\t\t\t\t\t\t\t\t\t\t\t\t\t\t\t<img decoding=\"async\" width=\"1\" height=\"1\" src=\"https:\/\/www.proipafisa.com\/wp-content\/uploads\/2022\/06\/picto-03.svg\" class=\"elementor-animation-grow attachment-large size-large wp-image-329\" alt=\"logo proipafisa\" \/>\t\t\t\t\t\t\t\t\t\t\t\t\t\t\t<\/div>\n\t\t\t\t<\/div>\n\t\t\t\t<div class=\"elementor-element elementor-element-fb802f5 elementor-widget-tablet__width-inherit elementor-invisible elementor-widget elementor-widget-image\" data-id=\"fb802f5\" data-element_type=\"widget\" data-e-type=\"widget\" data-settings=\"{&quot;_animation&quot;:&quot;slideInLeft&quot;}\" data-widget_type=\"image.default\">\n\t\t\t\t<div class=\"elementor-widget-container\">\n\t\t\t\t\t\t\t\t\t\t\t\t\t\t\t<img fetchpriority=\"high\" decoding=\"async\" width=\"700\" height=\"523\" src=\"https:\/\/www.proipafisa.com\/wp-content\/uploads\/2022\/06\/empresa-foto.jpg\" class=\"attachment-large size-large wp-image-428\" alt=\"empresa Proipafisa\" srcset=\"https:\/\/www.proipafisa.com\/wp-content\/uploads\/2022\/06\/empresa-foto.jpg 700w, https:\/\/www.proipafisa.com\/wp-content\/uploads\/2022\/06\/empresa-foto-300x224.jpg 300w\" sizes=\"(max-width: 700px) 100vw, 700px\" \/>\t\t\t\t\t\t\t\t\t\t\t\t\t\t\t<\/div>\n\t\t\t\t<\/div>\n\t\t\t\t\t<\/div>\n\t\t<\/div>\n\t\t\t\t<div class=\"elementor-column elementor-col-50 elementor-top-column elementor-element elementor-element-b88f08f\" data-id=\"b88f08f\" data-element_type=\"column\" data-e-type=\"column\">\n\t\t\t<div class=\"elementor-widget-wrap elementor-element-populated\">\n\t\t\t\t\t<div class=\"elementor-background-overlay\"><\/div>\n\t\t\t\t\t\t<div class=\"elementor-element elementor-element-9b20be4 elementor-widget elementor-widget-spacer\" data-id=\"9b20be4\" data-element_type=\"widget\" data-e-type=\"widget\" data-widget_type=\"spacer.default\">\n\t\t\t\t<div class=\"elementor-widget-container\">\n\t\t\t\t\t\t\t<div class=\"elementor-spacer\">\n\t\t\t<div class=\"elementor-spacer-inner\"><\/div>\n\t\t<\/div>\n\t\t\t\t\t\t<\/div>\n\t\t\t\t<\/div>\n\t\t\t\t<div class=\"elementor-element elementor-element-a24958f elementor-widget__width-auto elementor-widget elementor-widget-heading\" data-id=\"a24958f\" data-element_type=\"widget\" data-e-type=\"widget\" data-widget_type=\"heading.default\">\n\t\t\t\t<div class=\"elementor-widget-container\">\n\t\t\t\t\t<h2 class=\"elementor-heading-title elementor-size-default\">PROIPAFISA S.L.<\/h2>\t\t\t\t<\/div>\n\t\t\t\t<\/div>\n\t\t\t\t<div class=\"elementor-element elementor-element-0a556ec elementor-widget-divider--view-line elementor-widget elementor-widget-divider\" data-id=\"0a556ec\" data-element_type=\"widget\" data-e-type=\"widget\" data-widget_type=\"divider.default\">\n\t\t\t\t<div class=\"elementor-widget-container\">\n\t\t\t\t\t\t\t<div class=\"elementor-divider\">\n\t\t\t<span class=\"elementor-divider-separator\">\n\t\t\t\t\t\t<\/span>\n\t\t<\/div>\n\t\t\t\t\t\t<\/div>\n\t\t\t\t<\/div>\n\t\t\t\t<div class=\"elementor-element elementor-element-e2c2bb7 elementor-widget elementor-widget-text-editor\" data-id=\"e2c2bb7\" data-element_type=\"widget\" data-e-type=\"widget\" data-widget_type=\"text-editor.default\">\n\t\t\t\t<div class=\"elementor-widget-container\">\n\t\t\t\t\t\t\t\t\t<p align=\"justify\">En<strong> Proipafisa<\/strong> tenemos claro que nuestro principal activo y el pilar fundamental de nuestra empresa se halla en el equipo humano. La empresa est\u00e1 organizada alrededor de dos equipos principales que integran diferentes actividades:<\/p><p><strong>Equipo de dise\u00f1o t\u00e9cnico:<\/strong><\/p><ul><li>Desarrollo de nuevos equipos y sus mecanismos<\/li><li>Dise\u00f1os estructurales<\/li><li>Mejoras en transporte neum\u00e1tico y auxiliares<br \/><br \/><\/li><\/ul><p><strong>Equipo ejecutivo:<\/strong><\/p><ul><li>Equipo de transformaci\u00f3n en fr\u00edo y soldadura<\/li><li>Mec\u00e1nica<\/li><li>Montaje<br \/><br \/><\/li><\/ul><p>Adem\u00e1s, disponemos de un completo equipo de montaje exterior, que con el apoyo del equipo t\u00e9cnico facilita una ejecuci\u00f3n en obra <strong>r\u00e1pida y efectiva<\/strong>, y posibilita la aceptaci\u00f3n de compromisos de entrega llave en mano.<\/p><p>Por otra parte, la actividad industrial se desarrolla en la planta situada en la poblaci\u00f3n de Celr\u00e0, un pueblo situado a 60 km de la frontera francesa. As\u00ed pues, la empresa est\u00e1 situada estrat\u00e9gicamente entre Espa\u00f1a y Europa y est\u00e1 muy bien comunicada tanto a<strong> nivel nacional como internacional<\/strong>.<\/p>\t\t\t\t\t\t\t\t<\/div>\n\t\t\t\t<\/div>\n\t\t\t\t\t<\/div>\n\t\t<\/div>\n\t\t\t\t\t<\/div>\n\t\t<\/section>\n\t\t\t\t<section class=\"elementor-section elementor-top-section elementor-element elementor-element-b8e10af elementor-section-boxed elementor-section-height-default elementor-section-height-default elementor-invisible\" data-id=\"b8e10af\" data-element_type=\"section\" data-e-type=\"section\" data-settings=\"{&quot;animation&quot;:&quot;fadeInUp&quot;}\">\n\t\t\t\t\t\t\t<div class=\"elementor-background-overlay\"><\/div>\n\t\t\t\t\t\t\t<div class=\"elementor-container elementor-column-gap-default\">\n\t\t\t\t\t<div class=\"elementor-column elementor-col-100 elementor-top-column elementor-element elementor-element-a069373\" data-id=\"a069373\" data-element_type=\"column\" data-e-type=\"column\">\n\t\t\t<div class=\"elementor-widget-wrap elementor-element-populated\">\n\t\t\t\t\t\t<div class=\"elementor-element elementor-element-e728471 elementor-widget elementor-widget-spacer\" data-id=\"e728471\" data-element_type=\"widget\" data-e-type=\"widget\" data-widget_type=\"spacer.default\">\n\t\t\t\t<div class=\"elementor-widget-container\">\n\t\t\t\t\t\t\t<div class=\"elementor-spacer\">\n\t\t\t<div class=\"elementor-spacer-inner\"><\/div>\n\t\t<\/div>\n\t\t\t\t\t\t<\/div>\n\t\t\t\t<\/div>\n\t\t\t\t<div class=\"elementor-element elementor-element-cdb55c0 elementor-invisible elementor-widget elementor-widget-tp-heading-animation\" data-id=\"cdb55c0\" data-element_type=\"widget\" data-e-type=\"widget\" data-settings=\"{&quot;_animation&quot;:&quot;zoomIn&quot;,&quot;_animation_delay&quot;:500}\" data-widget_type=\"tp-heading-animation.default\">\n\t\t\t\t<div class=\"elementor-widget-container\">\n\t\t\t\t\t<style>.heading-animation69f42629a8a98 .pt-plus-cd-headline.loading-bar .cd-words-wrapper::after{background-color: #FFFFFF;}<\/style><div class=\"pt-plus-heading-animation heading-animation head-anim-style-1  heading-animation69f42629a8a98\"  ><h1 class=\"pt-plus-cd-headline letters type\" ><span >DESDE <\/span><span class=\"cd-words-wrapper waiting\" style=\"background: #000000;\"><b  class=\"is-visible\"> 1975<\/b><\/span><\/h1><\/div>\t\t\t\t<\/div>\n\t\t\t\t<\/div>\n\t\t\t\t<div class=\"elementor-element elementor-element-6e3fece elementor-widget elementor-widget-spacer\" data-id=\"6e3fece\" data-element_type=\"widget\" data-e-type=\"widget\" data-widget_type=\"spacer.default\">\n\t\t\t\t<div class=\"elementor-widget-container\">\n\t\t\t\t\t\t\t<div class=\"elementor-spacer\">\n\t\t\t<div class=\"elementor-spacer-inner\"><\/div>\n\t\t<\/div>\n\t\t\t\t\t\t<\/div>\n\t\t\t\t<\/div>\n\t\t\t\t\t<\/div>\n\t\t<\/div>\n\t\t\t\t\t<\/div>\n\t\t<\/section>\n\t\t\t\t<section class=\"elementor-section elementor-top-section elementor-element elementor-element-d2efb38 elementor-section-boxed elementor-section-height-default elementor-section-height-default elementor-invisible\" data-id=\"d2efb38\" data-element_type=\"section\" data-e-type=\"section\" data-settings=\"{&quot;animation&quot;:&quot;fadeInUp&quot;}\">\n\t\t\t\t\t\t<div class=\"elementor-container elementor-column-gap-default\">\n\t\t\t\t\t<div class=\"elementor-column elementor-col-50 elementor-top-column elementor-element elementor-element-7958e41\" data-id=\"7958e41\" data-element_type=\"column\" data-e-type=\"column\">\n\t\t\t<div class=\"elementor-widget-wrap elementor-element-populated\">\n\t\t\t\t\t<div class=\"elementor-background-overlay\"><\/div>\n\t\t\t\t\t\t<div class=\"elementor-element elementor-element-96fbd16 elementor-widget__width-auto elementor-widget elementor-widget-heading\" data-id=\"96fbd16\" data-element_type=\"widget\" data-e-type=\"widget\" data-widget_type=\"heading.default\">\n\t\t\t\t<div class=\"elementor-widget-container\">\n\t\t\t\t\t<h2 class=\"elementor-heading-title elementor-size-default\">HISTORIA DE LA EMPRESA<\/h2>\t\t\t\t<\/div>\n\t\t\t\t<\/div>\n\t\t\t\t<div class=\"elementor-element elementor-element-a51517a elementor-widget-divider--view-line elementor-widget elementor-widget-divider\" data-id=\"a51517a\" data-element_type=\"widget\" data-e-type=\"widget\" data-widget_type=\"divider.default\">\n\t\t\t\t<div class=\"elementor-widget-container\">\n\t\t\t\t\t\t\t<div class=\"elementor-divider\">\n\t\t\t<span class=\"elementor-divider-separator\">\n\t\t\t\t\t\t<\/span>\n\t\t<\/div>\n\t\t\t\t\t\t<\/div>\n\t\t\t\t<\/div>\n\t\t\t\t<div class=\"elementor-element elementor-element-1e4cc8c elementor-widget elementor-widget-text-editor\" data-id=\"1e4cc8c\" data-element_type=\"widget\" data-e-type=\"widget\" data-widget_type=\"text-editor.default\">\n\t\t\t\t<div class=\"elementor-widget-container\">\n\t\t\t\t\t\t\t\t\t<p>En el a\u00f1o 1975 se crea en Sabadell\u00a0Proipapel, una empresa de ingenier\u00eda. Dos a\u00f1os m\u00e1s\u00a0tarde,\u00a0la empresa se traslada a Girona y empieza a realizar peque\u00f1os dise\u00f1os que se incluyen en otras instalaciones.<\/p><p>El a\u00f1o 1983, la empresa se reestructura y cambia de nombre, y pasa a denominarse\u00a0Proipafisa.<\/p><p>La empresa entonces transforma su servicio de ingenier\u00eda y empieza a suministrar servicios integrales. Tambi\u00e9n empieza a desarrollar sus propios equipos, para ofrecer soluciones a los problemas puntuales de la industria local.<br \/>Pronto alcanza una expansi\u00f3n a nivel nacional y la alta demanda hacia los servicios de la empresa se ampl\u00eda a nuevos sectores industriales, lo que lleva a la integraci\u00f3n de nuevos equipos en la oferta de servicios de Proipafisa.<\/p><p>En los a\u00f1os posteriores, con la empresa ya consolidada y con la confianza de nuestros clientes tanto de \u00e1mbito nacional como internacional,\u00a0Proipafisa da continuidad a una \u00e9poca fruct\u00edfera en la que se crean nuevos equipos pensados para la industria auxiliar del papel. En estos a\u00f1os se patentan nuevos equipos.<\/p><p>Proipafisa se introduce tambi\u00e9n en el sector vin\u00edcola, con innovadores equipos para el prensado de uva y la filtraci\u00f3n de los mostos, con la finalidad de evitar su oxidaci\u00f3n una vez prensada la uva y reducir los tiempos de fermentaci\u00f3n, eliminando el proceso de decantaci\u00f3n.<\/p><p>Tambi\u00e9n crea <strong>nuevos dise\u00f1os tecnol\u00f3gicos para la industria del papel de fumar (RYO<\/strong>), equipos que actualmente tienen un gran reconocimiento y una alta aceptaci\u00f3n en el mercado mundial. Visualizando la futura evoluci\u00f3n y transformaci\u00f3n tecnol\u00f3gica en las artes gr\u00e1ficas, la empresa <strong>ampl\u00eda su mercado hacia las empresas del sector del\u00a0<em>packaging<\/em><\/strong>. Se introduce nuestro sistema innovador de L\u00cdNEA \u00daNICA y el nuevo separador\u00a0CICLOTURBO, un sistema que se convierte en est\u00e1ndar en el sector.<\/p>\t\t\t\t\t\t\t\t<\/div>\n\t\t\t\t<\/div>\n\t\t\t\t\t<\/div>\n\t\t<\/div>\n\t\t\t\t<div class=\"elementor-column elementor-col-50 elementor-top-column elementor-element elementor-element-05d2e9d\" data-id=\"05d2e9d\" data-element_type=\"column\" data-e-type=\"column\">\n\t\t\t<div class=\"elementor-widget-wrap elementor-element-populated\">\n\t\t\t\t\t<div class=\"elementor-background-overlay\"><\/div>\n\t\t\t\t\t\t<div class=\"elementor-element elementor-element-f4b2f0b elementor-widget elementor-widget-text-editor\" data-id=\"f4b2f0b\" data-element_type=\"widget\" data-e-type=\"widget\" data-widget_type=\"text-editor.default\">\n\t\t\t\t<div class=\"elementor-widget-container\">\n\t\t\t\t\t\t\t\t\t<p>En el a\u00f1o 2005,\u00a0Proipafisa se traslada a su nueva planta en Celr\u00e0 (Girona). Estas instalaciones le permiten ampliar su capacidad en dise\u00f1o asociada al proceso constructivo de sus propios equipos.<\/p><p>Proipafisa empieza a ofrecer <strong>soluciones para la industria farmac\u00e9utica<\/strong> para la recuperaci\u00f3n de part\u00edculas altamente contaminantes como el polvo de hormonas que se genera durante el proceso de fabricaci\u00f3n de comprimidos. Gracias a nuestro equipo separador Cicloturbo, se alcanza una recuperaci\u00f3n del 98 % mediante centrifugaci\u00f3n y el 2 % residual mediante una filtraci\u00f3n total.<\/p><p>En el <strong>sector alimentario<\/strong>, aprovechando la experiencia acumulada, se da soluci\u00f3n a la <strong>eliminaci\u00f3n y el tratamiento autom\u00e1tico de subproductos<\/strong>, para poder cumplir con las estrictas normativas sanitarias del sector.<br \/><br \/><b>ACTUALIDAD<\/b><\/p><p>Proipafisa est\u00e1 plenamente consolidada y reconocida.<\/p><p>Debido a la demanda del mercado, la empresa ha centrado su actividad principal en dos sectores: el <em>packaging<\/em>\u00a0y el papel de fumar\u00a0RYO.<\/p><p>En el <strong>sector del <em>packaging<\/em><\/strong>\u00a0se ha especializado en el <strong>suministro y montaje de instalaciones completas, llave en mano<\/strong>, para tratar los rechazos que se producen en plantas de manipulaci\u00f3n de cart\u00f3n ondulado. De esta manera, se ha podido optimizar el consumo de una manera pr\u00e1ctica y sencilla, intentando evitar el posterior mantenimiento y a la vez <strong>cuidando el medio ambiente<\/strong>.<\/p>\t\t\t\t\t\t\t\t<\/div>\n\t\t\t\t<\/div>\n\t\t\t\t\t<\/div>\n\t\t<\/div>\n\t\t\t\t\t<\/div>\n\t\t<\/section>\n\t\t\t\t<\/div>\n\t\t","protected":false},"excerpt":{"rendered":"<p>PROIPAFISA S.L. En Proipafisa tenemos claro que nuestro principal activo y el pilar fundamental de nuestra empresa se halla en el equipo humano. La empresa est\u00e1 organizada alrededor de dos equipos principales que integran diferentes actividades: Equipo de dise\u00f1o t\u00e9cnico: Desarrollo de nuevos equipos y sus mecanismos Dise\u00f1os estructurales Mejoras en transporte neum\u00e1tico y auxiliares [&hellip;]<\/p>\n","protected":false},"author":3,"featured_media":0,"parent":0,"menu_order":0,"comment_status":"closed","ping_status":"closed","template":"","meta":{"footnotes":""},"class_list":["post-66","page","type-page","status-publish","hentry"],"_links":{"self":[{"href":"https:\/\/www.proipafisa.com\/en\/wp-json\/wp\/v2\/pages\/66","targetHints":{"allow":["GET"]}}],"collection":[{"href":"https:\/\/www.proipafisa.com\/en\/wp-json\/wp\/v2\/pages"}],"about":[{"href":"https:\/\/www.proipafisa.com\/en\/wp-json\/wp\/v2\/types\/page"}],"author":[{"embeddable":true,"href":"https:\/\/www.proipafisa.com\/en\/wp-json\/wp\/v2\/users\/3"}],"replies":[{"embeddable":true,"href":"https:\/\/www.proipafisa.com\/en\/wp-json\/wp\/v2\/comments?post=66"}],"version-history":[{"count":92,"href":"https:\/\/www.proipafisa.com\/en\/wp-json\/wp\/v2\/pages\/66\/revisions"}],"predecessor-version":[{"id":1218,"href":"https:\/\/www.proipafisa.com\/en\/wp-json\/wp\/v2\/pages\/66\/revisions\/1218"}],"wp:attachment":[{"href":"https:\/\/www.proipafisa.com\/en\/wp-json\/wp\/v2\/media?parent=66"}],"curies":[{"name":"wp","href":"https:\/\/api.w.org\/{rel}","templated":true}]}}