{"id":49,"date":"2016-01-18T17:43:24","date_gmt":"2016-01-18T16:43:24","guid":{"rendered":"http:\/\/www.proipafisa.com\/2_0\/?page_id=49"},"modified":"2023-03-31T10:33:11","modified_gmt":"2023-03-31T08:33:11","slug":"politica-de-cookies","status":"publish","type":"page","link":"https:\/\/www.proipafisa.com\/en\/politica-de-cookies\/","title":{"rendered":"Cookies policy"},"content":{"rendered":"<div data-elementor-type=\"wp-page\" data-elementor-id=\"49\" class=\"elementor elementor-49\" data-elementor-post-type=\"page\">\n\t\t\t\t\t\t<section class=\"elementor-section elementor-top-section elementor-element elementor-element-67b4871c elementor-section-boxed elementor-section-height-default elementor-section-height-default\" data-id=\"67b4871c\" data-element_type=\"section\" data-e-type=\"section\">\n\t\t\t\t\t\t<div class=\"elementor-container elementor-column-gap-default\">\n\t\t\t\t\t<div class=\"elementor-column elementor-col-100 elementor-top-column elementor-element elementor-element-6f1e0e46\" data-id=\"6f1e0e46\" data-element_type=\"column\" data-e-type=\"column\">\n\t\t\t<div class=\"elementor-widget-wrap elementor-element-populated\">\n\t\t\t\t\t\t<div class=\"elementor-element elementor-element-a9a1ac6 elementor-widget elementor-widget-heading\" data-id=\"a9a1ac6\" data-element_type=\"widget\" data-e-type=\"widget\" data-widget_type=\"heading.default\">\n\t\t\t\t<div class=\"elementor-widget-container\">\n\t\t\t\t\t<h2 class=\"elementor-heading-title elementor-size-default\">Cookies policy<\/h2>\t\t\t\t<\/div>\n\t\t\t\t<\/div>\n\t\t\t\t<div class=\"elementor-element elementor-element-16c99d51 elementor-widget elementor-widget-text-editor\" data-id=\"16c99d51\" data-element_type=\"widget\" data-e-type=\"widget\" data-widget_type=\"text-editor.default\">\n\t\t\t\t<div class=\"elementor-widget-container\">\n\t\t\t\t\t\t\t\t\t<p class=\"p1\"><span class=\"s1\">PROIPAFISA, SL informs about the use of cookies on its website: https:\/\/www.proipafisa.com\/<\/span><\/p>\n<p class=\"p1\"><span class=\"s1\"><b>What are cookies?<\/b><\/span><\/p>\n<p class=\"p1\"><span class=\"s1\">Cookies are files that can be downloaded to your computer through web pages. They are tools that play an essential role in the provision of numerous information society services. Among other things, they allow a website to store and retrieve information about the browsing habits of a user or their equipment and, depending on the information obtained, they can be used to recognise the user and improve the service offered.<\/span><\/p>\n<p class=\"p1\"><span class=\"s1\"><b>Types of cookies<\/b><\/span><\/p>\n<p class=\"p1\"><span class=\"s1\">Depending on the entity that manages the domain from which the cookies are sent and processes the data obtained, two types can be distinguished:<\/span><\/p>\n<ul class=\"ul1\">\n<li class=\"li2\"><span class=\"s3\">First-party cookies: Those that are sent to the user's terminal equipment from a computer or domain managed by the editor itself and from which the service requested by the user is provided.<\/span><\/li>\n<li class=\"li2\"><span class=\"s3\">Third-party cookies: Those that are sent to the user's terminal equipment from a computer or domain that is not managed by the editor, but by another entity that processes the data obtained through the cookies.<br><br><\/span><\/li>\n<\/ul>\n<p class=\"p1\"><span class=\"s1\">In the event that the cookies are installed from a computer or domain managed by the editor itself but the information collected through them is managed by a third party, they cannot be considered as own cookies.<\/span><\/p>\n<p class=\"p1\"><span class=\"s1\">There is also a second classification according to the length of time they remain stored in the client's browser, which may include:<\/span><\/p>\n<ul class=\"ul1\">\n<li class=\"li2\"><span class=\"s3\">Session cookies: Designed to collect and store data while the user accesses a web page. They are usually used to store information that is only interesting to keep for the provision of the service requested by the user on a single occasion (e.g. a list of products purchased).<\/span><\/li>\n<li class=\"li2\"><span class=\"s3\">Persistent cookies: The data remains stored in the terminal and can be accessed and processed for a period defined by the party responsible for the cookie, which can range from a few minutes to several years.<br><br><\/span><\/li>\n<\/ul>\n<p class=\"p1\"><span class=\"s1\">Finally, there is another classification with six types of cookies depending on the purpose for which the data obtained are processed:<\/span><\/p>\n<ul class=\"ul1\">\n<li class=\"li2\"><span class=\"s3\">Technical cookies: Those that allow the user to navigate through a website, platform or application and the use of the different options or services that exist in it, such as, for example, controlling traffic and data communication, identifying the session, accessing restricted access parts, remembering the elements that make up an order, carrying out the purchase process of an order, making the application for registration or participation in an event, using security elements during navigation, storing content for the dissemination of videos or sound or sharing content through social networks.<\/span><\/li>\n<li class=\"li2\"><span class=\"s3\">Personalisation cookies: These allow the user to access the service with some predefined general characteristics depending on a series of criteria in the user's terminal, such as the language, the type of browser used to access the service, the regional configuration from which the service is accessed, etc.<\/span><\/li>\n<li class=\"li2\"><span class=\"s3\">Analysis cookies: These allow the party responsible for them to monitor and analyse the behaviour of the users of the websites to which they are linked. The information collected through this type of cookies is used to measure the activity of the websites, application or platform and for the elaboration of browsing profiles of the users of these sites, applications and platforms, in order to introduce improvements based on the analysis of the usage data of the users of the service.<\/span><\/li>\n<li class=\"li2\"><span class=\"s3\">Advertising cookies: These enable the management, in the most efficient way possible, of advertising spaces.<\/span><\/li>\n<li class=\"li2\"><span class=\"s3\">Behavioural advertising cookies: These store information on user behaviour obtained through the continuous observation of their browsing habits, which allows a specific profile to be developed in order to display advertising based on the same.<\/span><\/li>\n<li class=\"li2\"><span class=\"s3\">External social network cookies: These are used so that visitors can interact with the content of different social platforms (Facebook, YouTube, Twitter, LinkedIn, etc.) and are generated only for users of these social networks. The conditions of use of these cookies and the information collected is regulated by the privacy policy of the corresponding social platform.\n<p><\/p>\n<p><\/p><\/span><\/li>\n<\/ul>\n<p class=\"p1\"><span class=\"s1\"><b>Disabling and deleting cookies<\/b><\/span><\/p>\n<p class=\"p1\"><span class=\"s1\">You have the option to allow, block or delete cookies installed on your computer by configuring the browser options installed on your computer. By disabling cookies, some of the services available may no longer be operational. The way to disable cookies is different for each browser, but can usually be done from the Tools or Options menu. You can also consult the browser's Help menu where you can find instructions. You may at any time choose which cookies you want to operate on this website.<\/span><\/p>\n<p class=\"p1\"><span class=\"s1\">You can allow, block or delete the cookies installed on your computer by configuring the options of the browser installed on your computer:<\/span><\/p>\n<ul class=\"ul1\">\n<li class=\"li2\"><span class=\"s3\">Microsoft Internet Explorer or Microsoft Edge: http:\/\/windows.microsoft.com\/es-es\/windows-vista\/Block-or-allow-cookies<\/span><\/li>\n<li class=\"li2\"><span class=\"s3\">Mozilla Firefox: http:\/\/support.mozilla.org\/es\/kb\/impedir-que-los-sitios-web-guarden-sus-preferencia<\/span><\/li>\n<li class=\"li2\"><span class=\"s3\">https:\/\/support.google.com\/accounts\/answer\/61416?hl=es<\/span><\/li>\n<li class=\"li2\"><span class=\"s3\">Safari: http:\/\/safari.helpmax.net\/es\/privacidad-y-seguridad\/como-gestionar-las-cookies\/<\/span><\/li>\n<li class=\"li2\"><span class=\"s3\">Opera: http:\/\/help.opera.com\/Linux\/10.60\/es-ES\/cookies.html<br><br><\/span><\/li>\n<\/ul>\n<p class=\"p1\"><span class=\"s1\">In addition, you can also manage the cookie store in your browser using tools such as the following:<\/span><\/p>\n<ul class=\"ul1\">\n<li class=\"li2\"><span class=\"s3\">Ghostery: www.ghostery.com<\/span><\/li>\n<li class=\"li2\"><span class=\"s3\">Your Online Choices: www.youronlinechoices.com\/es\/<br><br><\/span><\/li>\n<\/ul>\n<p class=\"p1\"><span class=\"s1\">Cookies used on https:\/\/www.proipafisa.com\/<\/span><\/p>\n<p class=\"p1\"><span class=\"s1\">The cookies that are being used on this website are identified below, as well as their type and function:<\/span><\/p>\n<ul class=\"ul1\">\n<li class=\"li2\"><span class=\"s3\">cookielawinfo-checkbox-analytics<\/span><br><ul class=\"ul1\">\n<li class=\"li2\"><span class=\"s3\">Duration: 1 year<\/span><\/li>\n<li class=\"li2\"><span class=\"s3\">Type: Own<\/span><\/li>\n<\/ul>\n<\/li>\n<li class=\"li2\"><span class=\"s3\">cookielawinfo-checkbox-advertisement<\/span><br><ul class=\"ul1\">\n<li class=\"li2\"><span class=\"s3\">Duration: 1 year<\/span><\/li>\n<li class=\"li2\"><span class=\"s3\">Type: Own<\/span><\/li>\n<\/ul>\n<\/li>\n<li class=\"li2\"><span class=\"s3\">cookielawinfo-checkbox-others<\/span><br><ul class=\"ul1\">\n<li class=\"li2\"><span class=\"s3\">Duration: 1 year<\/span><\/li>\n<li class=\"li2\"><span class=\"s3\">Type: Own<\/span><\/li>\n<\/ul>\n<\/li>\n<li class=\"li2\"><span class=\"s3\">cookielawinfo-checkbox-necessary<\/span><br><ul class=\"ul1\">\n<li class=\"li2\"><span class=\"s3\">Duration: 1 year<\/span><\/li>\n<li class=\"li2\"><span class=\"s3\">Type: Own<\/span><\/li>\n<\/ul>\n<\/li>\n<li class=\"li2\"><span class=\"s3\">cookielawinfo-checkbox-functional<\/span><br><ul class=\"ul1\">\n<li class=\"li2\"><span class=\"s3\">Duration: 1 year<\/span><\/li>\n<li class=\"li2\"><span class=\"s3\">Type: Own<\/span><\/li>\n<\/ul>\n<\/li>\n<li class=\"li2\"><span class=\"s3\">cookielawinfo-checkbox-performance<\/span><br><ul class=\"ul1\">\n<li class=\"li2\"><span class=\"s3\">Duration: 1 year<\/span><\/li>\n<li class=\"li2\"><span class=\"s3\">Type: Own<\/span><\/li>\n<\/ul>\n<\/li>\n<li class=\"li2\"><span class=\"s3\">_gid<\/span><br><ul class=\"ul1\">\n<li class=\"li2\"><span class=\"s3\">Duration: 24 hours<\/span><\/li>\n<li class=\"li2\"><span class=\"s3\">Description: Generated by Google Analytics. Google stores the information collected by cookies on servers located in the United States, complying with European legislation on the protection of personal data and undertakes not to share it with third parties, except where required to do so by law or where it is necessary for the operation of the system. Google does not associate your IP address with any other information held by Google. If you would like more information about the cookies used by Google Analytics, please go to this address: https:\/\/developers.google.com\/analytics\/devguides\/collection\/analyticsjs\/cookie-usage?hl=es&amp;csw<\/span><\/li>\n<li class=\"li2\"><span class=\"s3\">Type: Third party<\/span><\/li>\n<li class=\"li2\"><span class=\"s3\">Purpose: Behavioural advertising<\/span><\/li>\n<\/ul>\n<\/li>\n<li class=\"li2\"><span class=\"s3\">_ga<\/span><br><ul class=\"ul1\">\n<li class=\"li2\"><span class=\"s3\">Duration: 2 years<\/span><\/li>\n<li class=\"li2\"><span class=\"s3\">Description: Used to distinguish users. Generated by Google Analytics. Google stores the information collected by cookies on servers located in the United States, complying with European legislation on the protection of personal data and undertakes not to share it with third parties, except where required to do so by law or where necessary for the operation of the system. Google does not associate your IP address with any other information held by Google. If you would like more information about the cookies used by Google Analytics, please go to this address: https:\/\/developers.google.com\/analytics\/devguides\/collection\/analyticsjs\/cookie-usage?hl=es&amp;csw=1<\/span><\/li>\n<li class=\"li2\"><span class=\"s3\">Type: Third party<\/span><\/li>\n<li class=\"li2\"><span class=\"s3\">Purpose: Analytics<\/span><\/li>\n<\/ul>\n<\/li>\n<li class=\"li2\"><span class=\"s3\">_gat<\/span><br><ul class=\"ul1\">\n<li class=\"li2\"><span class=\"s3\">Duration: 1 minute<\/span><\/li>\n<li class=\"li2\"><span class=\"s3\">Description: Used to display our advertising on other pages of the Google network. Generated by Google Analytics. Google stores the information collected by cookies on servers located in the United States, complying with European legislation on the protection of personal data and undertakes not to share it with third parties, except where required to do so by law or where necessary for the operation of the system. Google does not associate your IP address with any other information held by Google. If you would like more information about the cookies used by Google Analytics, please go to this address: https:\/\/developers.google.com\/analytics\/devguides\/collection\/analyticsjs\/cookie-usage?hl=es&amp;csw=1<\/span><\/li>\n<li class=\"li2\"><span class=\"s3\">Type: Third party<\/span><\/li>\n<li class=\"li2\"><span class=\"s3\">Purpose: Behavioural advertising<\/span><\/li>\n<\/ul>\n<\/li>\n<li class=\"li2\"><span class=\"s3\">_gac_<\/span><br><ul class=\"ul1\">\n<li class=\"li2\"><span class=\"s3\">Duration: 90 days<\/span><\/li>\n<li class=\"li2\"><span class=\"s3\">Description: Includes campaign information relating to the user. If you have linked your Google Analytics and AdWords accounts, website conversion tags will read this cookie, unless you disable it.<\/span><\/li>\n<li class=\"li2\"><span class=\"s3\">Type: Third party<\/span><\/li>\n<li class=\"li2\"><span class=\"s3\">Purpose: Analytics\n<p><\/p>\n<p><\/p><\/span><\/li>\n<\/ul>\n<\/li>\n<\/ul>\n<p class=\"p1\"><span class=\"s1\">https:\/\/www.proipafisa.com\/ displays information about its Cookie Policy at the bottom or top of any page of the portal with each login.<\/span><\/p>\n<p class=\"p1\"><span class=\"s1\">Faced with this information it is possible to carry out the following actions:<\/span><\/p>\n<ul class=\"ul1\">\n<li class=\"li2\"><span class=\"s3\">Accept cookies: This warning will not be displayed again when accessing any page of the portal during the current session.<\/span><\/li>\n<li class=\"li2\"><span class=\"s3\">Modify\/customise your configuration: You can obtain more information on what cookies are, find out about the Cookies Policy of: https:\/\/www.proipafisa.com\/ and modify the configuration of your browser.<\/span><\/li>\n<\/ul>\t\t\t\t\t\t\t\t<\/div>\n\t\t\t\t<\/div>\n\t\t\t\t\t<\/div>\n\t\t<\/div>\n\t\t\t\t\t<\/div>\n\t\t<\/section>\n\t\t\t\t<\/div>","protected":false},"excerpt":{"rendered":"<p>Pol\u00edtica de cookies PROIPAFISA, SL informa acerca del uso de las cookies en su p\u00e1gina web: https:\/\/www.proipafisa.com\/ \u00bfQu\u00e9 son las cookies? Las cookies son archivos que se pueden descargar en su equipo a trav\u00e9s de las p\u00e1ginas web. Son herramientas que tienen un papel esencial para la prestaci\u00f3n de numerosos servicios de la sociedad de [&hellip;]<\/p>\n","protected":false},"author":3,"featured_media":0,"parent":0,"menu_order":0,"comment_status":"closed","ping_status":"closed","template":"","meta":{"footnotes":""},"class_list":["post-49","page","type-page","status-publish","hentry"],"_links":{"self":[{"href":"https:\/\/www.proipafisa.com\/en\/wp-json\/wp\/v2\/pages\/49","targetHints":{"allow":["GET"]}}],"collection":[{"href":"https:\/\/www.proipafisa.com\/en\/wp-json\/wp\/v2\/pages"}],"about":[{"href":"https:\/\/www.proipafisa.com\/en\/wp-json\/wp\/v2\/types\/page"}],"author":[{"embeddable":true,"href":"https:\/\/www.proipafisa.com\/en\/wp-json\/wp\/v2\/users\/3"}],"replies":[{"embeddable":true,"href":"https:\/\/www.proipafisa.com\/en\/wp-json\/wp\/v2\/comments?post=49"}],"version-history":[{"count":22,"href":"https:\/\/www.proipafisa.com\/en\/wp-json\/wp\/v2\/pages\/49\/revisions"}],"predecessor-version":[{"id":1333,"href":"https:\/\/www.proipafisa.com\/en\/wp-json\/wp\/v2\/pages\/49\/revisions\/1333"}],"wp:attachment":[{"href":"https:\/\/www.proipafisa.com\/en\/wp-json\/wp\/v2\/media?parent=49"}],"curies":[{"name":"wp","href":"https:\/\/api.w.org\/{rel}","templated":true}]}}