{"id":44,"date":"2016-01-18T17:34:08","date_gmt":"2016-01-18T16:34:08","guid":{"rendered":"http:\/\/www.proipafisa.com\/2_0\/?page_id=44"},"modified":"2023-03-31T10:10:55","modified_gmt":"2023-03-31T08:10:55","slug":"aviso-legal","status":"publish","type":"page","link":"https:\/\/www.proipafisa.com\/en\/aviso-legal\/","title":{"rendered":"LEGAL NOTICE"},"content":{"rendered":"<div data-elementor-type=\"wp-page\" data-elementor-id=\"44\" class=\"elementor elementor-44\" data-elementor-post-type=\"page\">\n\t\t\t\t\t\t<section class=\"elementor-section elementor-top-section elementor-element elementor-element-7e0fdbbe elementor-section-boxed elementor-section-height-default elementor-section-height-default\" data-id=\"7e0fdbbe\" data-element_type=\"section\" data-e-type=\"section\">\n\t\t\t\t\t\t<div class=\"elementor-container elementor-column-gap-default\">\n\t\t\t\t\t<div class=\"elementor-column elementor-col-100 elementor-top-column elementor-element elementor-element-167eac6d\" data-id=\"167eac6d\" data-element_type=\"column\" data-e-type=\"column\">\n\t\t\t<div class=\"elementor-widget-wrap elementor-element-populated\">\n\t\t\t\t\t\t<div class=\"elementor-element elementor-element-ee5cbf4 elementor-widget elementor-widget-heading\" data-id=\"ee5cbf4\" data-element_type=\"widget\" data-e-type=\"widget\" data-widget_type=\"heading.default\">\n\t\t\t\t<div class=\"elementor-widget-container\">\n\t\t\t\t\t<h2 class=\"elementor-heading-title elementor-size-default\">LEGAL NOTICE<\/h2>\t\t\t\t<\/div>\n\t\t\t\t<\/div>\n\t\t\t\t<div class=\"elementor-element elementor-element-53b21126 elementor-widget elementor-widget-text-editor\" data-id=\"53b21126\" data-element_type=\"widget\" data-e-type=\"widget\" data-widget_type=\"text-editor.default\">\n\t\t\t\t<div class=\"elementor-widget-container\">\n\t\t\t\t\t\t\t\t\t<p class=\"p1\"><span class=\"s1\">In compliance with the duty of information contained in Article 10 of Law 34\/2002, of 11 July, on Information Society Services and Electronic Commerce (LSSICE), the owner of the website informs you of the following:<\/span><\/p><ul class=\"ul1\"><li class=\"li2\"><span class=\"s3\">Company name: PROIPAFISA, SL<\/span><\/li><li class=\"li2\"><span class=\"s3\">TAX ID: B55349138<\/span><\/li><li class=\"li2\"><span class=\"s3\">Address: C\/ Ter 78, Poligono Industrial , 17460 - Celra (Girona)<br \/><br \/><\/span><\/li><\/ul><p class=\"p3\"><span class=\"s1\">Registered in the Mercantile Register of Girona in Volume, folio 109, General section, page number GI-65475, inscription 1.<\/span><\/p><p class=\"p1\"><span class=\"s1\">Within the limits established by law, PROIPAFISA, SL assumes no liability for the lack of truthfulness, completeness, updating and accuracy of the data or information contained in its web pages.<\/span><\/p><p class=\"p1\"><span class=\"s1\">The contents and information do not bind PROIPAFISA, SL nor do they constitute opinions, advice or legal advice of any kind, as they are merely a service offered for information purposes.<\/span><\/p><p class=\"p1\"><span class=\"s1\">The Internet pages of PROIPAFISA, SL may contain links to other pages of third parties that PROIPAFISA, SL cannot control. Therefore, PROIPAFISA, SL cannot assume responsibility for the content that may appear on third party sites.<\/span><\/p><p class=\"p1\"><span class=\"s1\">The texts, images, sounds, animations, software and other content included on this website are the exclusive property of PROIPAFISA, SL or its licensors. Any act of transmission, distribution, transfer, reproduction, storage or total or partial public communication must have the express consent of PROIPAFISA, SL .<\/span><\/p><p class=\"p1\"><span class=\"s1\">Likewise, to access some of the services that PROIPAFISA, SL offers through the website, you must provide some personal data. In compliance with the provisions of Regulation (EU) 2016\/679 of the European Parliament and of the Council of 27 April 2016 on the protection of individuals with regard to the processing of personal data and on the free movement of such data, we inform you that, by completing these forms, your personal data will be stored and processed in the files of PROIPAFISA, SL in order to provide and offer you our services as well as to inform you of improvements to the website.<\/span><\/p><p class=\"p1\"><span class=\"s1\">We also inform you that you will have the possibility at any time to exercise your rights of access, rectification, cancellation, opposition, limitation and portability of your personal data, free of charge by email to: proipa@proipafisa.com or at the address: C\/ Ter 78, Poligono Industrial , 17460 - Celra (Girona).<\/span><\/p>\t\t\t\t\t\t\t\t<\/div>\n\t\t\t\t<\/div>\n\t\t\t\t\t<\/div>\n\t\t<\/div>\n\t\t\t\t\t<\/div>\n\t\t<\/section>\n\t\t\t\t<\/div>","protected":false},"excerpt":{"rendered":"<p>Aviso legal En cumplimiento con el deber de informaci\u00f3n recogido en art\u00edculo 10 de la Ley 34\/2002, de 11 de julio, de Servicios de la Sociedad de la Informaci\u00f3n y del Comercio Electr\u00f3nico (LSSICE), el propietario de la web , le informa de lo siguiente: Denominaci\u00f3n social: PROIPAFISA, SL NIF: B55349138 Domicilio: C\/ Ter 78, [&hellip;]<\/p>\n","protected":false},"author":3,"featured_media":0,"parent":0,"menu_order":0,"comment_status":"closed","ping_status":"closed","template":"","meta":{"footnotes":""},"class_list":["post-44","page","type-page","status-publish","hentry"],"_links":{"self":[{"href":"https:\/\/www.proipafisa.com\/en\/wp-json\/wp\/v2\/pages\/44","targetHints":{"allow":["GET"]}}],"collection":[{"href":"https:\/\/www.proipafisa.com\/en\/wp-json\/wp\/v2\/pages"}],"about":[{"href":"https:\/\/www.proipafisa.com\/en\/wp-json\/wp\/v2\/types\/page"}],"author":[{"embeddable":true,"href":"https:\/\/www.proipafisa.com\/en\/wp-json\/wp\/v2\/users\/3"}],"replies":[{"embeddable":true,"href":"https:\/\/www.proipafisa.com\/en\/wp-json\/wp\/v2\/comments?post=44"}],"version-history":[{"count":13,"href":"https:\/\/www.proipafisa.com\/en\/wp-json\/wp\/v2\/pages\/44\/revisions"}],"predecessor-version":[{"id":1324,"href":"https:\/\/www.proipafisa.com\/en\/wp-json\/wp\/v2\/pages\/44\/revisions\/1324"}],"wp:attachment":[{"href":"https:\/\/www.proipafisa.com\/en\/wp-json\/wp\/v2\/media?parent=44"}],"curies":[{"name":"wp","href":"https:\/\/api.w.org\/{rel}","templated":true}]}}