{"id":1292,"date":"2023-03-31T09:40:41","date_gmt":"2023-03-31T07:40:41","guid":{"rendered":"https:\/\/www.proipafisa.com\/?page_id=1292"},"modified":"2023-03-31T10:01:27","modified_gmt":"2023-03-31T08:01:27","slug":"politica-de-privacidad","status":"publish","type":"page","link":"https:\/\/www.proipafisa.com\/en\/politica-de-privacidad\/","title":{"rendered":"Privacy Policy"},"content":{"rendered":"<div data-elementor-type=\"wp-page\" data-elementor-id=\"1292\" class=\"elementor elementor-1292\" data-elementor-post-type=\"page\">\n\t\t\t\t\t\t<section class=\"elementor-section elementor-top-section elementor-element elementor-element-3b5f795 elementor-section-boxed elementor-section-height-default elementor-section-height-default\" data-id=\"3b5f795\" data-element_type=\"section\" data-e-type=\"section\">\n\t\t\t\t\t\t<div class=\"elementor-container elementor-column-gap-default\">\n\t\t\t\t\t<div class=\"elementor-column elementor-col-100 elementor-top-column elementor-element elementor-element-d194bb0\" data-id=\"d194bb0\" data-element_type=\"column\" data-e-type=\"column\">\n\t\t\t<div class=\"elementor-widget-wrap elementor-element-populated\">\n\t\t\t\t\t\t<div class=\"elementor-element elementor-element-521a737 elementor-widget elementor-widget-heading\" data-id=\"521a737\" data-element_type=\"widget\" data-e-type=\"widget\" data-widget_type=\"heading.default\">\n\t\t\t\t<div class=\"elementor-widget-container\">\n\t\t\t\t\t<h2 class=\"elementor-heading-title elementor-size-default\">Privacy Policy<\/h2>\t\t\t\t<\/div>\n\t\t\t\t<\/div>\n\t\t\t\t<div class=\"elementor-element elementor-element-5516e7a elementor-widget elementor-widget-text-editor\" data-id=\"5516e7a\" data-element_type=\"widget\" data-e-type=\"widget\" data-widget_type=\"text-editor.default\">\n\t\t\t\t<div class=\"elementor-widget-container\">\n\t\t\t\t\t\t\t\t\t<p class=\"p1\"><span class=\"s1\">Protection of personal data according to the RGPD<\/span><\/p>\n<p class=\"p2\"><span class=\"s1\">PROIPAFISA, SL , in application of current legislation on the protection of&nbsp;<a href=\"https:\/\/protecciondatos-lopd.com\/auditoria\/proteccion-datos\/\" target=\"_blank\" rel=\"noopener\"><span class=\"s2\">personal data,<\/span><\/a>&nbsp;informs that the personal data collected through the forms on the website: https:\/\/www.proipafisa.com\/, are included in the specific automated files of users of the services of PROIPAFISA, SL.<\/span><\/p>\n<p class=\"p2\"><span class=\"s1\">The purpose of the collection and automated processing of personal data is to maintain the commercial relationship and the performance of tasks of information, training, advice and other activities of PROIPAFISA, SL.<\/span><\/p>\n<p class=\"p2\"><span class=\"s1\">This data will only be transferred to those entities that are necessary for the sole purpose of complying with the aforementioned purpose.<\/span><\/p>\n<p class=\"p2\"><span class=\"s1\">PROIPAFISA, SL adopts the necessary measures to ensure the security, integrity and confidentiality of the data in accordance with the provisions of Regulation (EU) 2016\/679 of the European Parliament and of the Council of 27 April 2016 on the protection of individuals with regard to the processing of personal data and on the free movement of such data, and repealing the old LOPD, the new Organic Law 3\/2018 of 5 December on Data Protection and Guarantee of Digital Rights (LOPDGDDD).<\/span><\/p>\n<p class=\"p2\"><span class=\"s1\">The user may at any time exercise the rights of access, opposition, rectification, cancellation, limitation and portability recognised in the aforementioned Regulation (EU). These rights may be exercised by the user by sending an email to: proipa@proipafisa.com or to the following address: C\/ Ter 78, Poligono Industrial , C.P. 17460 - Celra (Girona).<\/span><\/p>\n<p class=\"p3\"><span class=\"s1\">The user declares that all the data provided by him\/her are true and correct, and undertakes to keep them updated, notifying PROIPAFISA, SL of any changes.<\/span><\/p>\n<p class=\"p4\"><span class=\"s1\"><b>Purpose of the processing of personal data:<\/b><\/span><\/p>\n<p class=\"p2\"><span class=\"s1\"><b>For what purpose will we process your personal data?<\/b><\/span><\/p>\n<p class=\"p2\"><span class=\"s1\">PROIPAFISA, SL will process your personal data collected through the website: https:\/\/www.proipafisa.com\/, for the following purposes:<\/span><\/p>\n<ol class=\"ol1\">\n<li class=\"li5\"><span class=\"s3\">To provide the information requested by the user through the contact form.<\/span><\/li>\n<li class=\"li5\"><span class=\"s3\">To inform you about the service provided.<br><br><\/span><\/li>\n<\/ol>\n<p class=\"p2\"><span class=\"s1\">We remind you that you may oppose the sending of commercial communications by any means and at any time by sending an e-mail to the address indicated above.<\/span><\/p>\n<p class=\"p2\"><span class=\"s1\">The fields in these registers must be filled in, and it is impossible to carry out the purposes expressed if these data are not provided.<\/span><\/p>\n<p class=\"p2\"><span class=\"s1\"><b>How long will the personal data collected be kept?<\/b><\/span><\/p>\n<p class=\"p6\"><span class=\"s1\">The personal data provided will be kept for as long as the commercial relationship is maintained or you do not request its deletion and for the period of time for which legal responsibilities may arise from the services provided.<\/span><\/p>\n<p class=\"p7\"><span class=\"s1\">Legitimation:<\/span><\/p>\n<p class=\"p2\"><span class=\"s1\">The processing of your data is carried out on the following legal bases that legitimise the same:<\/span><\/p>\n<ol class=\"ol1\">\n<li class=\"li5\"><span class=\"s3\">The request for information and\/or the contracting of the services of PROIPAFISA, SL , whose terms and conditions will be made available to you in any case, prior to any eventual contracting.<\/span><\/li>\n<li class=\"li5\"><span class=\"s3\">Free, specific, informed and unequivocal consent, as we inform you by making available to you this privacy policy, which after reading it, if you agree, you can accept by a statement or a clear affirmative action, such as checking a box provided for that purpose.<br><br><\/span><\/li>\n<\/ol>\n<p class=\"p6\"><span class=\"s1\">If you do not provide us with your details or if you do so incorrectly or incompletely, we will not be able to deal with your request, making it completely impossible to provide you with the information requested or to carry out the contracting of services.<\/span><\/p>\n<p class=\"p7\"><span class=\"s1\">Recipients:<\/span><\/p>\n<p class=\"p6\"><span class=\"s1\">The data will not be communicated to any third party outside PROIPAFISA, SL , unless legally obliged to do so.<\/span><\/p>\n<p class=\"p7\"><span class=\"s1\">Data collected by users of the services<\/span><\/p>\n<p class=\"p6\"><span class=\"s1\">In cases where the user includes files with personal data on shared hosting servers, PROIPAFISA, SL is not responsible for the user's failure to comply with the RGPD.<\/span><\/p>\n<p class=\"p7\"><span class=\"s1\">Intellectual property rights https:\/\/www.proipafisa.com\/<\/span><\/p>\n<p class=\"p2\"><span class=\"s1\">PROIPAFISA, SL is the owner of all copyright, intellectual and industrial property rights, know-how and any other rights related to the contents of the website https:\/\/www.proipafisa.com\/ and the services offered therein, as well as the programmes necessary for its implementation and related information.<\/span><\/p>\n<p class=\"p6\"><span class=\"s1\">The reproduction, publication and\/or use of the contents, in whole or in part, of the https:\/\/www.proipafisa.com\/ website, other than for strictly private use, is not permitted without prior written consent.<\/span><\/p>\n<p class=\"p7\"><span class=\"s1\">Intellectual property of the software<\/span><\/p>\n<p class=\"p2\"><span class=\"s1\">The user must respect third party programs made available by PROIPAFISA, SL, even if they are free and\/or publicly available.<\/span><\/p>\n<p class=\"p2\"><span class=\"s1\">PROIPAFISA, SL has the necessary exploitation and intellectual property rights to the software.<\/span><\/p>\n<p class=\"p2\"><span class=\"s1\">The user does not acquire any rights or licenses for the contracted service, on the software necessary for the provision of the service, nor on the technical information for monitoring the service, except for the rights and licenses necessary for the fulfilment of the contracted services and only for the duration of the same.<\/span><\/p>\n<p class=\"p6\"><span class=\"s1\">For any action that exceeds the fulfilment of the contract, the user will need written authorisation from PROIPAFISA, SL, and the user is prohibited from accessing, modifying, viewing the configuration, structure and files of the servers owned by PROIPAFISA, SL, assuming the civil and criminal liability arising from any incident that may occur on the servers and security systems as a direct result of negligent or malicious action on their part.<\/span><\/p>\n<p class=\"p7\"><span class=\"s1\">Intellectual property of the content hosted<\/span><\/p>\n<p class=\"p2\"><span class=\"s1\">The use contrary to the legislation on intellectual property of the services provided by PROIPAFISA, SL is prohibited and, in particular:<\/span><\/p>\n<ol class=\"ol1\">\n<li class=\"li5\"><span class=\"s3\">Use that is contrary to Spanish law or that infringes the rights of third parties.<\/span><\/li>\n<li class=\"li5\"><span class=\"s3\">The publication or transmission of any content that, in the opinion of PROIPAFISA, SL, is violent, obscene, abusive, illegal, racial, xenophobic or defamatory.<\/span><\/li>\n<li class=\"li5\"><span class=\"s3\">Cracks, program serial numbers or any other content that infringes the intellectual property rights of third parties.<\/span><\/li>\n<li class=\"li5\"><span class=\"s3\">The collection and\/or use of personal data of other users without their express consent or in contravention of the provisions of Regulation (EU) 2016\/679 of the European Parliament and of the Council of 27 April 2016 on the protection of natural persons with regard to the processing of personal data and on the free movement of such data.<\/span><\/li>\n<li class=\"li5\"><span class=\"s3\"><span class=\"s3\">The use of the domain's mail server and email addresses for sending unsolicited bulk email.<\/span><\/span>\n<p><\/p>\n<\/li>\n<\/ol>\n<p class=\"p2\"><span class=\"s1\">The user bears full responsibility for the content of his website, the transmitted and stored information, hypertext links, third party claims and legal actions with reference to intellectual property, third party rights and the protection of minors.<\/span><\/p>\n<p class=\"p2\"><span class=\"s1\">The user is responsible with respect to the laws and regulations in force and the rules concerning the operation of the online service, e-commerce, copyright, maintenance of public order, as well as universal principles of Internet use.<\/span><\/p>\n<p class=\"p6\"><span class=\"s1\">The user shall indemnify PROIPAFISA, SL for the costs generated by the imputation of PROIPAFISA, SL in any case whose responsibility is attributable to the user, including fees and legal defense costs, even in the case of a non-final court decision.<\/span><\/p>\n<p class=\"p7\"><span class=\"s1\">Protection of hosted information<\/span><\/p>\n<p class=\"p2\"><span class=\"s1\">PROIPAFISA, SL makes backup copies of the content hosted on its servers, but is not responsible for the loss or accidental deletion of data by users. Likewise, it does not guarantee the total replacement of data deleted by users, as said data may have been deleted and\/or modified during the period of time elapsed since the last backup.<\/span><\/p>\n<p class=\"p2\"><span class=\"s1\">The services offered, except for specific backup services, do not include the replacement of the contents preserved in the backup copies made by PROIPAFISA, SL , when this loss is attributable to the user; in this case, a fee will be determined according to the complexity and volume of the recovery, always with the prior acceptance of the user.<\/span><\/p>\n<p class=\"p6\"><span class=\"s1\">The replacement of deleted data is only included in the price of the service when the loss of content is due to causes attributable to PROIPAFISA, SL.<\/span><\/p>\n<p class=\"p7\"><span class=\"s1\">Commercial communications<\/span><\/p>\n<p class=\"p2\"><span class=\"s1\">In application of the LSSI. PROIPAFISA, SL will not send advertising or promotional communications by e-mail or any other equivalent means of electronic communication that have not been previously requested or expressly authorised by the recipients thereof.<\/span><\/p>\n<p class=\"p2\"><span class=\"s1\">In the case of users with whom there is a prior contractual relationship, PROIPAFISA, SL is authorized to send commercial communications relating to products or services PROIPAFISA, SL that are similar to those that were initially contracted with the customer.<\/span><\/p>\n<p class=\"p2\"><span class=\"s1\">In any case, the user, after proving his or her identity, may request that no further commercial information be sent to him or her through the Customer Service channels.<\/span><\/p>\t\t\t\t\t\t\t\t<\/div>\n\t\t\t\t<\/div>\n\t\t\t\t\t<\/div>\n\t\t<\/div>\n\t\t\t\t\t<\/div>\n\t\t<\/section>\n\t\t\t\t<\/div>","protected":false},"excerpt":{"rendered":"<p>Pol\u00edtica de privacidad Protecci\u00f3n de datos de car\u00e1cter personal seg\u00fan el RGPD PROIPAFISA, SL , en aplicaci\u00f3n de la normativa vigente en materia de&nbsp;protecci\u00f3n de datos&nbsp;de car\u00e1cter personal, informa que los datos personales que se recogen a trav\u00e9s de los formularios del Sitio web: https:\/\/www.proipafisa.com\/, se incluyen en los ficheros automatizados espec\u00edficos de usuarios de [&hellip;]<\/p>\n","protected":false},"author":3,"featured_media":0,"parent":0,"menu_order":0,"comment_status":"closed","ping_status":"closed","template":"","meta":{"footnotes":""},"class_list":["post-1292","page","type-page","status-publish","hentry"],"_links":{"self":[{"href":"https:\/\/www.proipafisa.com\/en\/wp-json\/wp\/v2\/pages\/1292","targetHints":{"allow":["GET"]}}],"collection":[{"href":"https:\/\/www.proipafisa.com\/en\/wp-json\/wp\/v2\/pages"}],"about":[{"href":"https:\/\/www.proipafisa.com\/en\/wp-json\/wp\/v2\/types\/page"}],"author":[{"embeddable":true,"href":"https:\/\/www.proipafisa.com\/en\/wp-json\/wp\/v2\/users\/3"}],"replies":[{"embeddable":true,"href":"https:\/\/www.proipafisa.com\/en\/wp-json\/wp\/v2\/comments?post=1292"}],"version-history":[{"count":19,"href":"https:\/\/www.proipafisa.com\/en\/wp-json\/wp\/v2\/pages\/1292\/revisions"}],"predecessor-version":[{"id":1323,"href":"https:\/\/www.proipafisa.com\/en\/wp-json\/wp\/v2\/pages\/1292\/revisions\/1323"}],"wp:attachment":[{"href":"https:\/\/www.proipafisa.com\/en\/wp-json\/wp\/v2\/media?parent=1292"}],"curies":[{"name":"wp","href":"https:\/\/api.w.org\/{rel}","templated":true}]}}