{"id":496,"date":"2022-06-20T12:36:10","date_gmt":"2022-06-20T10:36:10","guid":{"rendered":"https:\/\/www.proipafisa.com\/?page_id=496"},"modified":"2023-03-20T17:06:40","modified_gmt":"2023-03-20T16:06:40","slug":"papel-de-fumar","status":"publish","type":"page","link":"https:\/\/www.proipafisa.com\/ca\/papel-de-fumar\/","title":{"rendered":"Paper de fumar (RYO)"},"content":{"rendered":"<div data-elementor-type=\"wp-page\" data-elementor-id=\"496\" class=\"elementor elementor-496\" data-elementor-post-type=\"page\">\n\t\t\t\t\t\t<section class=\"elementor-section elementor-top-section elementor-element elementor-element-818299b elementor-section-boxed elementor-section-height-default elementor-section-height-default\" data-id=\"818299b\" data-element_type=\"section\" data-e-type=\"section\">\n\t\t\t\t\t\t<div class=\"elementor-container elementor-column-gap-default\">\n\t\t\t\t\t<div class=\"elementor-column elementor-col-100 elementor-top-column elementor-element elementor-element-b15316f\" data-id=\"b15316f\" data-element_type=\"column\" data-e-type=\"column\">\n\t\t\t<div class=\"elementor-widget-wrap elementor-element-populated\">\n\t\t\t\t\t\t<section class=\"elementor-section elementor-inner-section elementor-element elementor-element-731f841 elementor-section-boxed elementor-section-height-default elementor-section-height-default\" data-id=\"731f841\" data-element_type=\"section\" data-e-type=\"section\">\n\t\t\t\t\t\t<div class=\"elementor-container elementor-column-gap-default\">\n\t\t\t\t\t<div class=\"elementor-column elementor-col-100 elementor-inner-column elementor-element elementor-element-40a53a4 animated-slow elementor-invisible\" data-id=\"40a53a4\" data-element_type=\"column\" data-e-type=\"column\" data-settings=\"{&quot;animation&quot;:&quot;fadeIn&quot;}\">\n\t\t\t<div class=\"elementor-widget-wrap elementor-element-populated\">\n\t\t\t\t\t\t<div class=\"elementor-element elementor-element-88773c2 elementor-widget__width-auto elementor-widget elementor-widget-heading\" data-id=\"88773c2\" data-element_type=\"widget\" data-e-type=\"widget\" data-widget_type=\"heading.default\">\n\t\t\t\t<div class=\"elementor-widget-container\">\n\t\t\t\t\t<h2 class=\"elementor-heading-title elementor-size-default\">Paper de fumar (RYO)<\/h2>\t\t\t\t<\/div>\n\t\t\t\t<\/div>\n\t\t\t\t<div class=\"elementor-element elementor-element-24a3212 elementor-widget-divider--view-line elementor-widget elementor-widget-divider\" data-id=\"24a3212\" data-element_type=\"widget\" data-e-type=\"widget\" data-widget_type=\"divider.default\">\n\t\t\t\t<div class=\"elementor-widget-container\">\n\t\t\t\t\t\t\t<div class=\"elementor-divider\">\n\t\t\t<span class=\"elementor-divider-separator\">\n\t\t\t\t\t\t<\/span>\n\t\t<\/div>\n\t\t\t\t\t\t<\/div>\n\t\t\t\t<\/div>\n\t\t\t\t\t<\/div>\n\t\t<\/div>\n\t\t\t\t\t<\/div>\n\t\t<\/section>\n\t\t\t\t\t<\/div>\n\t\t<\/div>\n\t\t\t\t\t<\/div>\n\t\t<\/section>\n\t\t\t\t<section class=\"elementor-section elementor-top-section elementor-element elementor-element-c464560 elementor-section-boxed elementor-section-height-default elementor-section-height-default elementor-invisible\" data-id=\"c464560\" data-element_type=\"section\" data-e-type=\"section\" data-settings=\"{&quot;animation&quot;:&quot;fadeInUp&quot;}\">\n\t\t\t\t\t\t\t<div class=\"elementor-background-overlay\"><\/div>\n\t\t\t\t\t\t\t<div class=\"elementor-container elementor-column-gap-default\">\n\t\t\t\t\t<div class=\"elementor-column elementor-col-100 elementor-top-column elementor-element elementor-element-be02742\" data-id=\"be02742\" data-element_type=\"column\" data-e-type=\"column\">\n\t\t\t<div class=\"elementor-widget-wrap elementor-element-populated\">\n\t\t\t\t\t\t<div class=\"elementor-element elementor-element-f57178e elementor-widget elementor-widget-spacer\" data-id=\"f57178e\" data-element_type=\"widget\" data-e-type=\"widget\" data-widget_type=\"spacer.default\">\n\t\t\t\t<div class=\"elementor-widget-container\">\n\t\t\t\t\t\t\t<div class=\"elementor-spacer\">\n\t\t\t<div class=\"elementor-spacer-inner\"><\/div>\n\t\t<\/div>\n\t\t\t\t\t\t<\/div>\n\t\t\t\t<\/div>\n\t\t\t\t\t<\/div>\n\t\t<\/div>\n\t\t\t\t\t<\/div>\n\t\t<\/section>\n\t\t\t\t<section class=\"elementor-section elementor-top-section elementor-element elementor-element-79eaebe elementor-section-boxed elementor-section-height-default elementor-section-height-default elementor-invisible\" data-id=\"79eaebe\" data-element_type=\"section\" data-e-type=\"section\" data-settings=\"{&quot;animation&quot;:&quot;fadeIn&quot;,&quot;animation_delay&quot;:600}\">\n\t\t\t\t\t\t<div class=\"elementor-container elementor-column-gap-default\">\n\t\t\t\t\t<div class=\"elementor-column elementor-col-100 elementor-top-column elementor-element elementor-element-6922395\" data-id=\"6922395\" data-element_type=\"column\" data-e-type=\"column\">\n\t\t\t<div class=\"elementor-widget-wrap elementor-element-populated\">\n\t\t\t\t\t\t<div class=\"elementor-element elementor-element-b2a8e4e elementor-widget__width-auto elementor-widget elementor-widget-heading\" data-id=\"b2a8e4e\" data-element_type=\"widget\" data-e-type=\"widget\" data-widget_type=\"heading.default\">\n\t\t\t\t<div class=\"elementor-widget-container\">\n\t\t\t\t\t<h2 class=\"elementor-heading-title elementor-size-default\">ELABORACI\u00d3 DE LLIBRETS DE PAPER DE FUMAR (RYO)<\/h2>\t\t\t\t<\/div>\n\t\t\t\t<\/div>\n\t\t\t\t<div class=\"elementor-element elementor-element-1a2de94 elementor-widget-divider--view-line elementor-widget elementor-widget-divider\" data-id=\"1a2de94\" data-element_type=\"widget\" data-e-type=\"widget\" data-widget_type=\"divider.default\">\n\t\t\t\t<div class=\"elementor-widget-container\">\n\t\t\t\t\t\t\t<div class=\"elementor-divider\">\n\t\t\t<span class=\"elementor-divider-separator\">\n\t\t\t\t\t\t<\/span>\n\t\t<\/div>\n\t\t\t\t\t\t<\/div>\n\t\t\t\t<\/div>\n\t\t\t\t<section class=\"elementor-section elementor-inner-section elementor-element elementor-element-bb2215e elementor-section-boxed elementor-section-height-default elementor-section-height-default\" data-id=\"bb2215e\" data-element_type=\"section\" data-e-type=\"section\">\n\t\t\t\t\t\t<div class=\"elementor-container elementor-column-gap-default\">\n\t\t\t\t\t<div class=\"elementor-column elementor-col-50 elementor-inner-column elementor-element elementor-element-654ebaf\" data-id=\"654ebaf\" data-element_type=\"column\" data-e-type=\"column\">\n\t\t\t<div class=\"elementor-widget-wrap elementor-element-populated\">\n\t\t\t\t\t\t<div class=\"elementor-element elementor-element-da1f49d elementor-widget elementor-widget-text-editor\" data-id=\"da1f49d\" data-element_type=\"widget\" data-e-type=\"widget\" data-widget_type=\"text-editor.default\">\n\t\t\t\t<div class=\"elementor-widget-container\">\n\t\t\t\t\t\t\t\t\t<p>Proc\u00e9s industrial de fabricaci\u00f3 de llibrets de paper de fumar amb m\u00e0quines Proipafisa. La nostra maquin\u00e0ria ofereix elevada productivitat per a la manipulaci\u00f3 del paper i la seva transformaci\u00f3 en llibrets de paper de fumar i incorpora mecanismes per a noves prestacions.\u00a0<\/p><p>Les m\u00e0quines Proipafisa garanteixen l\u2019obtenci\u00f3 dels millors resultats en totes les fases de fabricaci\u00f3: encolat, intercalat i estotjat.<\/p><p>Consulta\u2019ns si tens qualsevol necessitat o busques millorar el teu proc\u00e9s i estudiarem les possibles solucions.<\/p>\t\t\t\t\t\t\t\t<\/div>\n\t\t\t\t<\/div>\n\t\t\t\t<div class=\"elementor-element elementor-element-3fed671 elementor-widget elementor-widget-text-editor\" data-id=\"3fed671\" data-element_type=\"widget\" data-e-type=\"widget\" data-widget_type=\"text-editor.default\">\n\t\t\t\t<div class=\"elementor-widget-container\">\n\t\t\t\t\t\t\t\t\t<ul><li>Reactors de dissoluci\u00f3 de goma ar\u00e0bica<\/li><li>Entrella\u00e7adores multibobines MOD. SUPERBEST<\/li><li>Entrella\u00e7adores Cut Corner<\/li><li>Estotjadores de m\u00faltiples formats MOD. ROTOPAC\u00a0<\/li><li>Comptadors encaixadors: simples\/dobles<\/li><li>Equips especials ajustats als clients<\/li><\/ul>\t\t\t\t\t\t\t\t<\/div>\n\t\t\t\t<\/div>\n\t\t\t\t\t<\/div>\n\t\t<\/div>\n\t\t\t\t<div class=\"elementor-column elementor-col-50 elementor-inner-column elementor-element elementor-element-77d7737\" data-id=\"77d7737\" data-element_type=\"column\" data-e-type=\"column\">\n\t\t\t<div class=\"elementor-widget-wrap elementor-element-populated\">\n\t\t\t\t\t\t<div class=\"elementor-element elementor-element-beee77c elementor-arrows-position-inside elementor-pagination-position-outside elementor-invisible elementor-widget elementor-widget-image-carousel\" data-id=\"beee77c\" data-element_type=\"widget\" data-e-type=\"widget\" data-settings=\"{&quot;slides_to_show&quot;:&quot;1&quot;,&quot;_animation&quot;:&quot;fadeIn&quot;,&quot;navigation&quot;:&quot;both&quot;,&quot;autoplay&quot;:&quot;yes&quot;,&quot;pause_on_hover&quot;:&quot;yes&quot;,&quot;pause_on_interaction&quot;:&quot;yes&quot;,&quot;autoplay_speed&quot;:5000,&quot;infinite&quot;:&quot;yes&quot;,&quot;effect&quot;:&quot;slide&quot;,&quot;speed&quot;:500}\" data-widget_type=\"image-carousel.default\">\n\t\t\t\t<div class=\"elementor-widget-container\">\n\t\t\t\t\t\t\t<div class=\"elementor-image-carousel-wrapper swiper\" role=\"region\" aria-roledescription=\"carousel\" aria-label=\"Carrusel d&#039;imatges\" dir=\"ltr\" data-no-translation-aria-label=\"\">\n\t\t\t<div class=\"elementor-image-carousel swiper-wrapper swiper-image-stretch\" aria-live=\"off\">\n\t\t\t\t\t\t\t\t<div class=\"swiper-slide\" role=\"group\" aria-roledescription=\"slide\" aria-label=\"1 de 8\" data-no-translation-aria-label=\"\"><figure class=\"swiper-slide-inner\"><img decoding=\"async\" class=\"swiper-slide-image\" src=\"https:\/\/www.proipafisa.com\/wp-content\/uploads\/elementor\/thumbs\/libretspaper-2-rl9lldxckqb148i7fxhacups6yx8kog2iomi6ibxlo.jpg\" alt=\"Librillos de papel de fumar RYO\" \/><\/figure><\/div><div class=\"swiper-slide\" role=\"group\" aria-roledescription=\"slide\" aria-label=\"2 de 8\" data-no-translation-aria-label=\"\"><figure class=\"swiper-slide-inner\"><img decoding=\"async\" class=\"swiper-slide-image\" src=\"https:\/\/www.proipafisa.com\/wp-content\/uploads\/elementor\/thumbs\/libretspaper-3-rl9lldxckqb148i7fxhacups6yx8kog2iomi6ibxlo.jpg\" alt=\"Elaboraci\u00f3n de librillos de papel de fumar\" \/><\/figure><\/div><div class=\"swiper-slide\" role=\"group\" aria-roledescription=\"slide\" aria-label=\"3 de 8\" data-no-translation-aria-label=\"\"><figure class=\"swiper-slide-inner\"><img decoding=\"async\" class=\"swiper-slide-image\" src=\"https:\/\/www.proipafisa.com\/wp-content\/uploads\/elementor\/thumbs\/libretspaper-1-1-rl9lldxckqb148i7fxhacups6yx8kog2iomi6ibxlo.jpg\" alt=\"Producci\u00f3n de librillos de papel de fumar\" \/><\/figure><\/div><div class=\"swiper-slide\" role=\"group\" aria-roledescription=\"slide\" aria-label=\"4 de 8\" data-no-translation-aria-label=\"\"><figure class=\"swiper-slide-inner\"><img decoding=\"async\" class=\"swiper-slide-image\" src=\"https:\/\/www.proipafisa.com\/wp-content\/uploads\/elementor\/thumbs\/libretspaper-4-rl9lldxckqb148i7fxhacups6yx8kog2iomi6ibxlo.jpg\" alt=\"Detalle de maquinaria, elaboraci\u00f3n de papel de fumar\" \/><\/figure><\/div><div class=\"swiper-slide\" role=\"group\" aria-roledescription=\"slide\" aria-label=\"5 de 8\" data-no-translation-aria-label=\"\"><figure class=\"swiper-slide-inner\"><img decoding=\"async\" class=\"swiper-slide-image\" src=\"https:\/\/www.proipafisa.com\/wp-content\/uploads\/elementor\/thumbs\/libretspaper-5-rl9lldxckqb148i7fxhacups6yx8kog2iomi6ibxlo.jpg\" alt=\"Detalle de proceso de producci\u00f3n de librillos de papel de fumar\" \/><\/figure><\/div><div class=\"swiper-slide\" role=\"group\" aria-roledescription=\"slide\" aria-label=\"6 de 8\" data-no-translation-aria-label=\"\"><figure class=\"swiper-slide-inner\"><img decoding=\"async\" class=\"swiper-slide-image\" src=\"https:\/\/www.proipafisa.com\/wp-content\/uploads\/elementor\/thumbs\/libretspaper-6-rl9lldxckqb148i7fxhacups6yx8kog2iomi6ibxlo.jpg\" alt=\"Detalle de maquinaria\" \/><\/figure><\/div><div class=\"swiper-slide\" role=\"group\" aria-roledescription=\"slide\" aria-label=\"7 de 8\" data-no-translation-aria-label=\"\"><figure class=\"swiper-slide-inner\"><img decoding=\"async\" class=\"swiper-slide-image\" src=\"https:\/\/www.proipafisa.com\/wp-content\/uploads\/elementor\/thumbs\/libretspaper-7-rl9lldxckqb148i7fxhacups6yx8kog2iomi6ibxlo.jpg\" alt=\"Detalle de maquinaria\" \/><\/figure><\/div><div class=\"swiper-slide\" role=\"group\" aria-roledescription=\"slide\" aria-label=\"8 de 8\" data-no-translation-aria-label=\"\"><figure class=\"swiper-slide-inner\"><img decoding=\"async\" class=\"swiper-slide-image\" src=\"https:\/\/www.proipafisa.com\/wp-content\/uploads\/elementor\/thumbs\/libretspaper-8-rl9lldxckqb148i7fxhacups6yx8kog2iomi6ibxlo.jpg\" alt=\"libretspaper-8\" \/><\/figure><\/div>\t\t\t<\/div>\n\t\t\t\t\t\t\t\t\t\t\t\t<div class=\"elementor-swiper-button elementor-swiper-button-prev\" role=\"button\" tabindex=\"0\">\n\t\t\t\t\t\t<i aria-hidden=\"true\" class=\"eicon-chevron-left\"><\/i>\t\t\t\t\t<\/div>\n\t\t\t\t\t<div class=\"elementor-swiper-button elementor-swiper-button-next\" role=\"button\" tabindex=\"0\">\n\t\t\t\t\t\t<i aria-hidden=\"true\" class=\"eicon-chevron-right\"><\/i>\t\t\t\t\t<\/div>\n\t\t\t\t\n\t\t\t\t\t\t\t\t\t<div class=\"swiper-pagination\"><\/div>\n\t\t\t\t\t\t\t\t\t<\/div>\n\t\t\t\t\t\t<\/div>\n\t\t\t\t<\/div>\n\t\t\t\t\t<\/div>\n\t\t<\/div>\n\t\t\t\t\t<\/div>\n\t\t<\/section>\n\t\t\t\t\t<\/div>\n\t\t<\/div>\n\t\t\t\t\t<\/div>\n\t\t<\/section>\n\t\t\t\t<\/div>","protected":false},"excerpt":{"rendered":"<p>ELABORACI\u00d3N DE LIBRILLOS DE PAPEL DE FUMAR (RYO) Proceso industrial de fabricaci\u00f3n de librillos de papel de fumar con m\u00e1quinas Proipafisa. Nuestra maquinaria ofrece elevada productividad para la manipulaci\u00f3n del papel y su transformaci\u00f3n en librillos de papel de fumar e incorpora mecanismos para nuevas prestaciones.\u00a0 Las m\u00e1quinas Proipafisa garantizan la obtenci\u00f3n de los mejores [&hellip;]<\/p>\n","protected":false},"author":3,"featured_media":0,"parent":0,"menu_order":0,"comment_status":"closed","ping_status":"closed","template":"","meta":{"footnotes":""},"class_list":["post-496","page","type-page","status-publish","hentry"],"_links":{"self":[{"href":"https:\/\/www.proipafisa.com\/ca\/wp-json\/wp\/v2\/pages\/496","targetHints":{"allow":["GET"]}}],"collection":[{"href":"https:\/\/www.proipafisa.com\/ca\/wp-json\/wp\/v2\/pages"}],"about":[{"href":"https:\/\/www.proipafisa.com\/ca\/wp-json\/wp\/v2\/types\/page"}],"author":[{"embeddable":true,"href":"https:\/\/www.proipafisa.com\/ca\/wp-json\/wp\/v2\/users\/3"}],"replies":[{"embeddable":true,"href":"https:\/\/www.proipafisa.com\/ca\/wp-json\/wp\/v2\/comments?post=496"}],"version-history":[{"count":92,"href":"https:\/\/www.proipafisa.com\/ca\/wp-json\/wp\/v2\/pages\/496\/revisions"}],"predecessor-version":[{"id":1281,"href":"https:\/\/www.proipafisa.com\/ca\/wp-json\/wp\/v2\/pages\/496\/revisions\/1281"}],"wp:attachment":[{"href":"https:\/\/www.proipafisa.com\/ca\/wp-json\/wp\/v2\/media?parent=496"}],"curies":[{"name":"wp","href":"https:\/\/api.w.org\/{rel}","templated":true}]}}