{"id":49,"date":"2016-01-18T17:43:24","date_gmt":"2016-01-18T16:43:24","guid":{"rendered":"http:\/\/www.proipafisa.com\/2_0\/?page_id=49"},"modified":"2023-03-31T10:33:11","modified_gmt":"2023-03-31T08:33:11","slug":"politica-de-cookies","status":"publish","type":"page","link":"https:\/\/www.proipafisa.com\/ca\/politica-de-cookies\/","title":{"rendered":"Pol\u00edtica de cookies"},"content":{"rendered":"<div data-elementor-type=\"wp-page\" data-elementor-id=\"49\" class=\"elementor elementor-49\" data-elementor-post-type=\"page\">\n\t\t\t\t\t\t<section class=\"elementor-section elementor-top-section elementor-element elementor-element-67b4871c elementor-section-boxed elementor-section-height-default elementor-section-height-default\" data-id=\"67b4871c\" data-element_type=\"section\" data-e-type=\"section\">\n\t\t\t\t\t\t<div class=\"elementor-container elementor-column-gap-default\">\n\t\t\t\t\t<div class=\"elementor-column elementor-col-100 elementor-top-column elementor-element elementor-element-6f1e0e46\" data-id=\"6f1e0e46\" data-element_type=\"column\" data-e-type=\"column\">\n\t\t\t<div class=\"elementor-widget-wrap elementor-element-populated\">\n\t\t\t\t\t\t<div class=\"elementor-element elementor-element-a9a1ac6 elementor-widget elementor-widget-heading\" data-id=\"a9a1ac6\" data-element_type=\"widget\" data-e-type=\"widget\" data-widget_type=\"heading.default\">\n\t\t\t\t<div class=\"elementor-widget-container\">\n\t\t\t\t\t<h2 class=\"elementor-heading-title elementor-size-default\">Pol\u00edtica de cookies<\/h2>\t\t\t\t<\/div>\n\t\t\t\t<\/div>\n\t\t\t\t<div class=\"elementor-element elementor-element-16c99d51 elementor-widget elementor-widget-text-editor\" data-id=\"16c99d51\" data-element_type=\"widget\" data-e-type=\"widget\" data-widget_type=\"text-editor.default\">\n\t\t\t\t<div class=\"elementor-widget-container\">\n\t\t\t\t\t\t\t\t\t<p class=\"p1\"><span class=\"s1\">PROIPAFISA, SL informa sobre l'\u00fas de les cookies a la seva p\u00e0gina web: https:\/\/www.proipafisa.com\/<\/span><\/p>\n<p class=\"p1\"><span class=\"s1\"><b>Qu\u00e8 s\u00f3n les galetes?<\/b><\/span><\/p>\n<p class=\"p1\"><span class=\"s1\">Les cookies s\u00f3n arxius que es poden descarregar al vostre equip a trav\u00e9s de les p\u00e0gines web. S\u00f3n eines que tenen un paper essencial per a la prestaci\u00f3 de nombrosos serveis de la societat de la informaci\u00f3. Entre altres, permeten a una p\u00e0gina web emmagatzemar i recuperar informaci\u00f3 sobre els h\u00e0bits de navegaci\u00f3 d'un usuari o del vostre equip i, depenent de la informaci\u00f3 obtinguda, es poden utilitzar per recon\u00e8ixer l'usuari i millorar el servei ofert.<\/span><\/p>\n<p class=\"p1\"><span class=\"s1\"><b>Tipus de cookies<\/b><\/span><\/p>\n<p class=\"p1\"><span class=\"s1\">Segons qui sigui l'entitat que gestioni el domini des d'on s'envien les galetes i tracti les dades que s'obtinguin es poden distingir dos tipus:<\/span><\/p>\n<ul class=\"ul1\">\n<li class=\"li2\"><span class=\"s3\">Cookies pr\u00f2pies: les que s'envien a l'equip terminal de l'usuari des d'un equip o domini gestionat pel mateix editor i des del qual es presta el servei sol\u00b7licitat per l'usuari.<\/span><\/li>\n<li class=\"li2\"><span class=\"s3\">Galetes de tercers: Aquelles que s'envien a l'equip terminal de l'usuari des d'un equip o domini que no \u00e9s gestionat per l'editor, sin\u00f3 per una altra entitat que tracta les dades obtingudes a trav\u00e9s de les galetes.<br><br><\/span><\/li>\n<\/ul>\n<p class=\"p1\"><span class=\"s1\">En el cas que les cookies siguin instal\u00b7lades des d'un equip o domini gestionat pel mateix editor per\u00f2 la informaci\u00f3 que es reculli mitjan\u00e7ant aquestes sigui gestionada per un tercer, no poden ser considerades com a cookies pr\u00f2pies.<\/span><\/p>\n<p class=\"p1\"><span class=\"s1\">Hi ha tamb\u00e9 una segona classificaci\u00f3 segons el termini de temps que romanen emmagatzemades al navegador del client, podent tractar-se de:<\/span><\/p>\n<ul class=\"ul1\">\n<li class=\"li2\"><span class=\"s3\">Cookies de sessi\u00f3: Dissenyades per demanar i emmagatzemar dades mentre l'usuari accedeix a una p\u00e0gina web. Se solen emprar per emmagatzemar informaci\u00f3 que nom\u00e9s interessa conservar per a la prestaci\u00f3 del servei sol\u00b7licitat per l'usuari en una sola ocasi\u00f3 (per exemple, una llista de productes adquirits).<\/span><\/li>\n<li class=\"li2\"><span class=\"s3\">Cookies persistents: Les dades segueixen emmagatzemades al terminal i poden ser accedides i tractades durant un per\u00edode definit pel responsable de la galeta, i que pot anar d'uns minuts a diversos anys.<br><br><\/span><\/li>\n<\/ul>\n<p class=\"p1\"><span class=\"s1\">Finalment, hi ha una altra classificaci\u00f3 amb sis tipus de cookies segons la finalitat per a la qual es tractin les dades obtingudes:<\/span><\/p>\n<ul class=\"ul1\">\n<li class=\"li2\"><span class=\"s3\">Cookies t\u00e8cniques: Aquelles que permeten a l'usuari la navegaci\u00f3 a trav\u00e9s d'una p\u00e0gina web, plataforma o aplicaci\u00f3 i la utilitzaci\u00f3 de les diferents opcions o serveis que hi hagi com, per exemple, controlar el tr\u00e0nsit i la comunicaci\u00f3 de dades, identificar-ne sessi\u00f3, accedir a parts d'acc\u00e9s restringit, recordar els elements que integren una comanda, fer el proc\u00e9s de compra d'una comanda, fer la sol\u00b7licitud d'inscripci\u00f3 o participaci\u00f3 en un esdeveniment, utilitzar elements de seguretat durant la navegaci\u00f3, emmagatzemar continguts per a la difusi\u00f3 de v\u00eddeos o so o compartir continguts a trav\u00e9s de xarxes socials.<\/span><\/li>\n<li class=\"li2\"><span class=\"s3\">Cookies de personalitzaci\u00f3: Permeten a l'usuari accedir al servei amb algunes caracter\u00edstiques de car\u00e0cter general predefinides en funci\u00f3 d'una s\u00e8rie de criteris al terminal de l'usuari com ara serien l'idioma, el tipus de navegador a trav\u00e9s del qual accedeix al servei, la configuraci\u00f3 regional des d'on accedeix al servei, etc.<\/span><\/li>\n<li class=\"li2\"><span class=\"s3\">Cookies d'an\u00e0lisi: Permeten al responsable de les mateixes, el seguiment i l'an\u00e0lisi del comportament dels usuaris dels llocs web als quals estan vinculades. La informaci\u00f3 recollida mitjan\u00e7ant aquest tipus de cookies s'utilitza en el mesurament de l'activitat dels llocs web, aplicaci\u00f3 o plataforma i per a l'elaboraci\u00f3 de perfils de navegaci\u00f3 dels usuaris d'aquests llocs, aplicacions i plataformes, per introduir millores a funci\u00f3 de lan\u00e0lisi de les dades d\u00fas que fan els usuaris del servei.<\/span><\/li>\n<li class=\"li2\"><span class=\"s3\">Cookies publicit\u00e0ries: Permeten la gesti\u00f3, de la manera m\u00e9s efica\u00e7 possible, dels espais publicitaris.<\/span><\/li>\n<li class=\"li2\"><span class=\"s3\">Cookies de publicitat comportamental: Emmagatzemen informaci\u00f3 del comportament dels usuaris obtinguda a trav\u00e9s de l'observaci\u00f3 continuada dels seus h\u00e0bits de navegaci\u00f3, cosa que permet desenvolupar un perfil espec\u00edfic per mostrar publicitat en funci\u00f3 del mateix.<\/span><\/li>\n<li class=\"li2\"><span class=\"s3\">Galetes de xarxes socials externes: S'utilitzen perqu\u00e8 els visitants puguin interactuar amb el contingut de diferents plataformes socials (facebook, youtube, twitter, linkedIn, etc..) i que es generin \u00fanicament per als usuaris de les xarxes socials esmentades. Les condicions d'utilitzaci\u00f3 d'aquestes galetes i la informaci\u00f3 recopilada es regula per la pol\u00edtica de privadesa de la plataforma social corresponent.\n<p><\/p>\n<p><\/p><\/span><\/li>\n<\/ul>\n<p class=\"p1\"><span class=\"s1\"><b>Desactivaci\u00f3 i eliminaci\u00f3 de cookies<\/b><\/span><\/p>\n<p class=\"p1\"><span class=\"s1\">Teniu l'opci\u00f3 de permetre, bloquejar o eliminar les cookies instal\u00b7lades al vostre equip mitjan\u00e7ant la configuraci\u00f3 de les opcions del navegador instal\u00b7lat al vostre equip. En desactivar galetes, alguns dels serveis disponibles podrien deixar d'estar operatius. La manera de deshabilitar les galetes \u00e9s diferent per a cada navegador, per\u00f2 normalment es pot fer des del men\u00fa Eines o Opcions. Tamb\u00e9 podeu consultar el men\u00fa d'Ajuda del navegador on podeu trobar instruccions. L'usuari podr\u00e0 en qualsevol moment triar quines galetes vol que funcionin en aquest lloc web.<\/span><\/p>\n<p class=\"p1\"><span class=\"s1\">Podeu permetre, bloquejar o eliminar les cookies instal\u00b7lades al vostre equip mitjan\u00e7ant la configuraci\u00f3 de les opcions del navegador instal\u00b7lat al vostre ordinador:<\/span><\/p>\n<ul class=\"ul1\">\n<li class=\"li2\"><span class=\"s3\">Microsoft Internet Explorer o Microsoft Edge: http:\/\/windows.microsoft.com\/es-es\/windows-vista\/Block-or-allow-cookies<\/span><\/li>\n<li class=\"li2\"><span class=\"s3\">Mozilla Firefox: http:\/\/support.mozilla.org\/es\/kb\/impedir-que-los-sitios-web-guarden-sus-preferencia<\/span><\/li>\n<li class=\"li2\"><span class=\"s3\">Chrome: https:\/\/support.google.com\/accounts\/answer\/61416?hl=ca<\/span><\/li>\n<li class=\"li2\"><span class=\"s3\">Safari: http:\/\/safari.helpmax.net\/es\/privacidad-y-seguridad\/como-gestionar-las-cookies\/<\/span><\/li>\n<li class=\"li2\"><span class=\"s3\">Opera: http:\/\/help.opera.com\/Linux\/10.60\/es-ES\/cookies.html<br><br><\/span><\/li>\n<\/ul>\n<p class=\"p1\"><span class=\"s1\">A m\u00e9s, tamb\u00e9 podeu gestionar el magatzem de cookies al vostre navegador a trav\u00e9s d'eines com les seg\u00fcents:<\/span><\/p>\n<ul class=\"ul1\">\n<li class=\"li2\"><span class=\"s3\">Ghostery: www.ghostery.com<\/span><\/li>\n<li class=\"li2\"><span class=\"s3\">Your Online Choices: www.youronlinechoices.com\/es\/<br><br><\/span><\/li>\n<\/ul>\n<p class=\"p1\"><span class=\"s1\">Cookies utilitzades a https:\/\/www.proipafisa.com\/<\/span><\/p>\n<p class=\"p1\"><span class=\"s1\">A continuaci\u00f3 s'identifiquen les galetes que estan sent utilitzades en aquest portal aix\u00ed com la seva tipologia i funci\u00f3:<\/span><\/p>\n<ul class=\"ul1\">\n<li class=\"li2\"><span class=\"s3\">cookielawinfo-checkbox-analytics<\/span><br><ul class=\"ul1\">\n<li class=\"li2\"><span class=\"s3\">Durada: 1 any<\/span><\/li>\n<li class=\"li2\"><span class=\"s3\">Tipus: Pr\u00f2pia<\/span><\/li>\n<\/ul>\n<\/li>\n<li class=\"li2\"><span class=\"s3\">cookielawinfo-checkbox-advertisement<\/span><br><ul class=\"ul1\">\n<li class=\"li2\"><span class=\"s3\">Durada: 1 any<\/span><\/li>\n<li class=\"li2\"><span class=\"s3\">Tipus: Pr\u00f2pia<\/span><\/li>\n<\/ul>\n<\/li>\n<li class=\"li2\"><span class=\"s3\">cookielawinfo-checkbox-others<\/span><br><ul class=\"ul1\">\n<li class=\"li2\"><span class=\"s3\">Durada: 1 any<\/span><\/li>\n<li class=\"li2\"><span class=\"s3\">Tipus: Pr\u00f2pia<\/span><\/li>\n<\/ul>\n<\/li>\n<li class=\"li2\"><span class=\"s3\">cookielawinfo-checkbox-necessary<\/span><br><ul class=\"ul1\">\n<li class=\"li2\"><span class=\"s3\">Durada: 1 any<\/span><\/li>\n<li class=\"li2\"><span class=\"s3\">Tipus: Pr\u00f2pia<\/span><\/li>\n<\/ul>\n<\/li>\n<li class=\"li2\"><span class=\"s3\">cookielawinfo-checkbox-functional<\/span><br><ul class=\"ul1\">\n<li class=\"li2\"><span class=\"s3\">Durada: 1 any<\/span><\/li>\n<li class=\"li2\"><span class=\"s3\">Tipus: Pr\u00f2pia<\/span><\/li>\n<\/ul>\n<\/li>\n<li class=\"li2\"><span class=\"s3\">cookielawinfo-checkbox-performance<\/span><br><ul class=\"ul1\">\n<li class=\"li2\"><span class=\"s3\">Durada: 1 any<\/span><\/li>\n<li class=\"li2\"><span class=\"s3\">Tipus: Pr\u00f2pia<\/span><\/li>\n<\/ul>\n<\/li>\n<li class=\"li2\"><span class=\"s3\">_gid<\/span><br><ul class=\"ul1\">\n<li class=\"li2\"><span class=\"s3\">Durada: 24 hores<\/span><\/li>\n<li class=\"li2\"><span class=\"s3\">Descripci\u00f3: Generada per Google Analytics. Google emmagatzema la informaci\u00f3 recollida per les cookies en servidors ubicats als Estats Units, complint amb la legislaci\u00f3 Europea quant a protecci\u00f3 de dades personals i es compromet a no compartir-la amb tercers, excepte quan la llei l'obligui o sigui necessari per al funcionament del sistema. Google no associa la seva adre\u00e7a IP amb cap altra informaci\u00f3 que tingui. Si voleu obtenir m\u00e9s informaci\u00f3 sobre les cookies usades per Google Analytics, si us plau accediu a aquesta adre\u00e7a: https:\/\/developers.google.com\/analytics\/devguides\/collection\/analyticsjs\/cookie-usage?hl=es&amp;csw<\/span><\/li>\n<li class=\"li2\"><span class=\"s3\">Tipus: Tercer<\/span><\/li>\n<li class=\"li2\"><span class=\"s3\">Finalitat: Publicitat comportamental<\/span><\/li>\n<\/ul>\n<\/li>\n<li class=\"li2\"><span class=\"s3\">_ga<\/span><br><ul class=\"ul1\">\n<li class=\"li2\"><span class=\"s3\">Durada: 2 anys<\/span><\/li>\n<li class=\"li2\"><span class=\"s3\">Descripci\u00f3: Serveix per distingir els usuaris. Generada per Google Analytics. Google emmagatzema la informaci\u00f3 recollida per les cookies en servidors ubicats als Estats Units, complint amb la legislaci\u00f3 Europea quant a protecci\u00f3 de dades personals i es compromet a no compartir-la amb tercers, excepte quan la llei l'obligui o sigui necessari per al funcionament del sistema. Google no associa la seva adre\u00e7a IP amb cap altra informaci\u00f3 que tingui. Si voleu obtenir m\u00e9s informaci\u00f3 sobre les cookies usades per Google Analytics, si us plau accediu a aquesta adre\u00e7a: https:\/\/developers.google.com\/analytics\/devguides\/collection\/analyticsjs\/cookie-usage?hl=ca&amp;csw=1<\/span><\/li>\n<li class=\"li2\"><span class=\"s3\">Tipus: Tercer<\/span><\/li>\n<li class=\"li2\"><span class=\"s3\">Finalitat: Anal\u00edtica<\/span><\/li>\n<\/ul>\n<\/li>\n<li class=\"li2\"><span class=\"s3\">_gat<\/span><br><ul class=\"ul1\">\n<li class=\"li2\"><span class=\"s3\">Durada: 1 minut<\/span><\/li>\n<li class=\"li2\"><span class=\"s3\">Descripci\u00f3: Utilitzada per mostrar la nostra publicitat a altres p\u00e0gines de la xarxa de Google. Generada per Google Analytics. Google emmagatzema la informaci\u00f3 recollida per les cookies en servidors ubicats als Estats Units, complint amb la legislaci\u00f3 Europea quant a protecci\u00f3 de dades personals i es compromet a no compartir-la amb tercers, excepte quan la llei l'obligui o sigui necessari per al funcionament del sistema. Google no associa la seva adre\u00e7a IP amb cap altra informaci\u00f3 que tingui. Si voleu obtenir m\u00e9s informaci\u00f3 sobre les cookies usades per Google Analytics, si us plau accediu a aquesta adre\u00e7a: https:\/\/developers.google.com\/analytics\/devguides\/collection\/analyticsjs\/cookie-usage?hl=ca&amp;csw=1<\/span><\/li>\n<li class=\"li2\"><span class=\"s3\">Tipus: Tercer<\/span><\/li>\n<li class=\"li2\"><span class=\"s3\">Finalitat: Publicitat comportamental<\/span><\/li>\n<\/ul>\n<\/li>\n<li class=\"li2\"><span class=\"s3\">_gac_<\/span><br><ul class=\"ul1\">\n<li class=\"li2\"><span class=\"s3\">Durada: 90 dies<\/span><\/li>\n<li class=\"li2\"><span class=\"s3\">Descripci\u00f3: Inclou informaci\u00f3 de la campanya relativa a l'usuari. Si heu vinculat els vostres comptes de Google Analytics i AdWords, les etiquetes de conversi\u00f3 de llocs web llegiran aquesta galeta, tret que la inhabiliteu<\/span><\/li>\n<li class=\"li2\"><span class=\"s3\">Tipus: Tercer<\/span><\/li>\n<li class=\"li2\"><span class=\"s3\">Finalitat: Anal\u00edtica\n<p><\/p>\n<p><\/p><\/span><\/li>\n<\/ul>\n<\/li>\n<\/ul>\n<p class=\"p1\"><span class=\"s1\">https:\/\/www.proipafisa.com\/ mostra informaci\u00f3 sobre la seva Pol\u00edtica de cookies a la part inferior o superior de qualsevol p\u00e0gina del portal amb cada inici de sessi\u00f3.<\/span><\/p>\n<p class=\"p1\"><span class=\"s1\">Davant d'aquesta informaci\u00f3 \u00e9s possible dur a terme les accions seg\u00fcents:<\/span><\/p>\n<ul class=\"ul1\">\n<li class=\"li2\"><span class=\"s3\">Acceptar cookies: No es tornar\u00e0 a visualitzar aquest av\u00eds en accedir a qualsevol p\u00e0gina del portal durant aquesta sessi\u00f3.<\/span><\/li>\n<li class=\"li2\"><span class=\"s3\">Modificar\/personalitzar la vostra configuraci\u00f3: Podreu obtenir m\u00e9s informaci\u00f3 sobre qu\u00e8 s\u00f3n les cookies, con\u00e8ixer la Pol\u00edtica de cookies de: https:\/\/www.proipafisa.com\/ i modificar la configuraci\u00f3 del vostre navegador.<\/span><\/li>\n<\/ul>\t\t\t\t\t\t\t\t<\/div>\n\t\t\t\t<\/div>\n\t\t\t\t\t<\/div>\n\t\t<\/div>\n\t\t\t\t\t<\/div>\n\t\t<\/section>\n\t\t\t\t<\/div>","protected":false},"excerpt":{"rendered":"<p>Pol\u00edtica de cookies PROIPAFISA, SL informa acerca del uso de las cookies en su p\u00e1gina web: https:\/\/www.proipafisa.com\/ \u00bfQu\u00e9 son las cookies? Las cookies son archivos que se pueden descargar en su equipo a trav\u00e9s de las p\u00e1ginas web. Son herramientas que tienen un papel esencial para la prestaci\u00f3n de numerosos servicios de la sociedad de [&hellip;]<\/p>\n","protected":false},"author":3,"featured_media":0,"parent":0,"menu_order":0,"comment_status":"closed","ping_status":"closed","template":"","meta":{"footnotes":""},"class_list":["post-49","page","type-page","status-publish","hentry"],"_links":{"self":[{"href":"https:\/\/www.proipafisa.com\/ca\/wp-json\/wp\/v2\/pages\/49","targetHints":{"allow":["GET"]}}],"collection":[{"href":"https:\/\/www.proipafisa.com\/ca\/wp-json\/wp\/v2\/pages"}],"about":[{"href":"https:\/\/www.proipafisa.com\/ca\/wp-json\/wp\/v2\/types\/page"}],"author":[{"embeddable":true,"href":"https:\/\/www.proipafisa.com\/ca\/wp-json\/wp\/v2\/users\/3"}],"replies":[{"embeddable":true,"href":"https:\/\/www.proipafisa.com\/ca\/wp-json\/wp\/v2\/comments?post=49"}],"version-history":[{"count":22,"href":"https:\/\/www.proipafisa.com\/ca\/wp-json\/wp\/v2\/pages\/49\/revisions"}],"predecessor-version":[{"id":1333,"href":"https:\/\/www.proipafisa.com\/ca\/wp-json\/wp\/v2\/pages\/49\/revisions\/1333"}],"wp:attachment":[{"href":"https:\/\/www.proipafisa.com\/ca\/wp-json\/wp\/v2\/media?parent=49"}],"curies":[{"name":"wp","href":"https:\/\/api.w.org\/{rel}","templated":true}]}}