{"id":44,"date":"2016-01-18T17:34:08","date_gmt":"2016-01-18T16:34:08","guid":{"rendered":"http:\/\/www.proipafisa.com\/2_0\/?page_id=44"},"modified":"2023-03-31T10:10:55","modified_gmt":"2023-03-31T08:10:55","slug":"aviso-legal","status":"publish","type":"page","link":"https:\/\/www.proipafisa.com\/ca\/aviso-legal\/","title":{"rendered":"AV\u00cdS LEGAL"},"content":{"rendered":"<div data-elementor-type=\"wp-page\" data-elementor-id=\"44\" class=\"elementor elementor-44\" data-elementor-post-type=\"page\">\n\t\t\t\t\t\t<section class=\"elementor-section elementor-top-section elementor-element elementor-element-7e0fdbbe elementor-section-boxed elementor-section-height-default elementor-section-height-default\" data-id=\"7e0fdbbe\" data-element_type=\"section\" data-e-type=\"section\">\n\t\t\t\t\t\t<div class=\"elementor-container elementor-column-gap-default\">\n\t\t\t\t\t<div class=\"elementor-column elementor-col-100 elementor-top-column elementor-element elementor-element-167eac6d\" data-id=\"167eac6d\" data-element_type=\"column\" data-e-type=\"column\">\n\t\t\t<div class=\"elementor-widget-wrap elementor-element-populated\">\n\t\t\t\t\t\t<div class=\"elementor-element elementor-element-ee5cbf4 elementor-widget elementor-widget-heading\" data-id=\"ee5cbf4\" data-element_type=\"widget\" data-e-type=\"widget\" data-widget_type=\"heading.default\">\n\t\t\t\t<div class=\"elementor-widget-container\">\n\t\t\t\t\t<h2 class=\"elementor-heading-title elementor-size-default\">AV\u00cdS LEGAL<\/h2>\t\t\t\t<\/div>\n\t\t\t\t<\/div>\n\t\t\t\t<div class=\"elementor-element elementor-element-53b21126 elementor-widget elementor-widget-text-editor\" data-id=\"53b21126\" data-element_type=\"widget\" data-e-type=\"widget\" data-widget_type=\"text-editor.default\">\n\t\t\t\t<div class=\"elementor-widget-container\">\n\t\t\t\t\t\t\t\t\t<p class=\"p1\"><span class=\"s1\">En compliment amb el deure informaci\u00f3 recollit a l'article 10 de la Llei 34\/2002, d'11 de juliol, de Serveis de la Societat de la Informaci\u00f3 i del Comer\u00e7 Electr\u00f2nic (LSSICE), el propietari de la web, us informa del seg\u00fcent :<\/span><\/p><ul class=\"ul1\"><li class=\"li2\"><span class=\"s3\">Denominaci\u00f3 social: PROIPAFISA, SL<\/span><\/li><li class=\"li2\"><span class=\"s3\">NIF: B55349138<\/span><\/li><li class=\"li2\"><span class=\"s3\">Domicili: C\/ Ter 78, Poligono Industrial , 17460 - Celra (Girona)<br \/><br \/><\/span><\/li><\/ul><p class=\"p3\"><span class=\"s1\">Inscrita al Registre Mercantil de Girona al Tom , foli 109, secci\u00f3 General, full n\u00famero GI-65475, inscripci\u00f3 1<\/span><\/p><p class=\"p1\"><span class=\"s1\">Amb els l\u00edmits establerts a la llei, PROIPAFISA, SL no assumeix cap responsabilitat derivada de la manca de veracitat, integritat, actualitzaci\u00f3 i precisi\u00f3 de les dades o informacions que contenen les seves p\u00e0gines web.<\/span><\/p><p class=\"p1\"><span class=\"s1\">Els continguts i la informaci\u00f3 no vinculen a PROIPAFISA, SL ni constitueixen opinions, consells o assessorament legal de cap tipus, ja que es tracta merament d'un servei ofert amb car\u00e0cter informatiu i divulgatiu.<\/span><\/p><p class=\"p1\"><span class=\"s1\">Les p\u00e0gines d'Internet de PROIPAFISA, SL poden contenir enlla\u00e7os a altres p\u00e0gines de terceres parts que PROIPAFISA, SL no pot controlar. Per tant, PROIPAFISA, SL no pot assumir responsabilitats pel contingut que pugui apar\u00e8ixer a p\u00e0gines de tercers.<\/span><\/p><p class=\"p1\"><span class=\"s1\">Els textos, imatges, sons, animacions, programari i la resta de continguts inclosos en aquest lloc web s\u00f3n propietat exclusiva de PROIPAFISA, SL o els seus llicenciants. Qualsevol acte de transmissi\u00f3, distribuci\u00f3, cessi\u00f3, reproducci\u00f3, emmagatzematge o comunicaci\u00f3 p\u00fablica total o parcial haur\u00e0 de comptar amb el consentiment expr\u00e9s de PROIPAFISA, SL.<\/span><\/p><p class=\"p1\"><span class=\"s1\">Aix\u00ed mateix, per accedir a alguns dels serveis que PROIPAFISA, SL ofereix a trav\u00e9s del lloc web, heu de proporcionar algunes dades de car\u00e0cter personal. En compliment del que estableix el Reglament (UE) 2016\/679 del Parlament Europeu i del Consell, de 27 d'abril de 2016, relatiu a la protecci\u00f3 de les persones f\u00edsiques pel que fa al tractament de dades personals ia la lliure circulaci\u00f3 de aquestes dades us informem que, mitjan\u00e7ant l'emplenament dels presents formularis, les vostres dades personals quedaran incorporades i seran tractades als fitxers de PROIPAFISA, SL per tal de poder-vos prestar i oferir els nostres serveis aix\u00ed com per informar-vos de les millores del lloc web.<\/span><\/p><p class=\"p1\"><span class=\"s1\">Us informem tamb\u00e9 que tindreu la possibilitat en tot moment d'exercir els drets d'acc\u00e9s, rectificaci\u00f3, cancel\u00b7laci\u00f3, oposici\u00f3, limitaci\u00f3 i portabilitat de les vostres dades de car\u00e0cter personal, de manera gratu\u00efta mitjan\u00e7ant email a: proipa@proipafisa.com oa l'adre\u00e7a : C\/ Ter 78, Poligono Industrial , 17460 - Celra (Girona).<\/span><\/p>\t\t\t\t\t\t\t\t<\/div>\n\t\t\t\t<\/div>\n\t\t\t\t\t<\/div>\n\t\t<\/div>\n\t\t\t\t\t<\/div>\n\t\t<\/section>\n\t\t\t\t<\/div>","protected":false},"excerpt":{"rendered":"<p>Aviso legal En cumplimiento con el deber de informaci\u00f3n recogido en art\u00edculo 10 de la Ley 34\/2002, de 11 de julio, de Servicios de la Sociedad de la Informaci\u00f3n y del Comercio Electr\u00f3nico (LSSICE), el propietario de la web , le informa de lo siguiente: Denominaci\u00f3n social: PROIPAFISA, SL NIF: B55349138 Domicilio: C\/ Ter 78, [&hellip;]<\/p>\n","protected":false},"author":3,"featured_media":0,"parent":0,"menu_order":0,"comment_status":"closed","ping_status":"closed","template":"","meta":{"footnotes":""},"class_list":["post-44","page","type-page","status-publish","hentry"],"_links":{"self":[{"href":"https:\/\/www.proipafisa.com\/ca\/wp-json\/wp\/v2\/pages\/44","targetHints":{"allow":["GET"]}}],"collection":[{"href":"https:\/\/www.proipafisa.com\/ca\/wp-json\/wp\/v2\/pages"}],"about":[{"href":"https:\/\/www.proipafisa.com\/ca\/wp-json\/wp\/v2\/types\/page"}],"author":[{"embeddable":true,"href":"https:\/\/www.proipafisa.com\/ca\/wp-json\/wp\/v2\/users\/3"}],"replies":[{"embeddable":true,"href":"https:\/\/www.proipafisa.com\/ca\/wp-json\/wp\/v2\/comments?post=44"}],"version-history":[{"count":13,"href":"https:\/\/www.proipafisa.com\/ca\/wp-json\/wp\/v2\/pages\/44\/revisions"}],"predecessor-version":[{"id":1324,"href":"https:\/\/www.proipafisa.com\/ca\/wp-json\/wp\/v2\/pages\/44\/revisions\/1324"}],"wp:attachment":[{"href":"https:\/\/www.proipafisa.com\/ca\/wp-json\/wp\/v2\/media?parent=44"}],"curies":[{"name":"wp","href":"https:\/\/api.w.org\/{rel}","templated":true}]}}