{"id":1292,"date":"2023-03-31T09:40:41","date_gmt":"2023-03-31T07:40:41","guid":{"rendered":"https:\/\/www.proipafisa.com\/?page_id=1292"},"modified":"2023-03-31T10:01:27","modified_gmt":"2023-03-31T08:01:27","slug":"politica-de-privacidad","status":"publish","type":"page","link":"https:\/\/www.proipafisa.com\/ca\/politica-de-privacidad\/","title":{"rendered":"Pol\u00edtica de privacitat"},"content":{"rendered":"<div data-elementor-type=\"wp-page\" data-elementor-id=\"1292\" class=\"elementor elementor-1292\" data-elementor-post-type=\"page\">\n\t\t\t\t\t\t<section class=\"elementor-section elementor-top-section elementor-element elementor-element-3b5f795 elementor-section-boxed elementor-section-height-default elementor-section-height-default\" data-id=\"3b5f795\" data-element_type=\"section\" data-e-type=\"section\">\n\t\t\t\t\t\t<div class=\"elementor-container elementor-column-gap-default\">\n\t\t\t\t\t<div class=\"elementor-column elementor-col-100 elementor-top-column elementor-element elementor-element-d194bb0\" data-id=\"d194bb0\" data-element_type=\"column\" data-e-type=\"column\">\n\t\t\t<div class=\"elementor-widget-wrap elementor-element-populated\">\n\t\t\t\t\t\t<div class=\"elementor-element elementor-element-521a737 elementor-widget elementor-widget-heading\" data-id=\"521a737\" data-element_type=\"widget\" data-e-type=\"widget\" data-widget_type=\"heading.default\">\n\t\t\t\t<div class=\"elementor-widget-container\">\n\t\t\t\t\t<h2 class=\"elementor-heading-title elementor-size-default\">Pol\u00edtica de privacitat<\/h2>\t\t\t\t<\/div>\n\t\t\t\t<\/div>\n\t\t\t\t<div class=\"elementor-element elementor-element-5516e7a elementor-widget elementor-widget-text-editor\" data-id=\"5516e7a\" data-element_type=\"widget\" data-e-type=\"widget\" data-widget_type=\"text-editor.default\">\n\t\t\t\t<div class=\"elementor-widget-container\">\n\t\t\t\t\t\t\t\t\t<p class=\"p1\"><span class=\"s1\">Protecci\u00f3 de dades de car\u00e0cter personal segons el RGPD<\/span><\/p>\n<p class=\"p2\"><span class=\"s1\">PROIPAFISA, SL, en aplicaci\u00f3 de la normativa vigent en mat\u00e8ria de&nbsp;<a href=\"https:\/\/protecciondatos-lopd.com\/auditoria\/proteccion-datos\/\" target=\"_blank\" rel=\"noopener\"><span class=\"s2\">protecci\u00f3 de dades<\/span><\/a>&nbsp;de car\u00e0cter personal, informa que les dades personals que es recullen a trav\u00e9s dels formularis del Lloc web: https:\/\/www.proipafisa.com\/, s'hi inclouen als fitxers automatitzats espec\u00edfics d'usuaris dels serveis de PROIPAFISA, SL<\/span><\/p>\n<p class=\"p2\"><span class=\"s1\">La recollida i el tractament automatitzat de les dades de car\u00e0cter personal t\u00e9 com a finalitat el manteniment de la relaci\u00f3 comercial i l'exercici de tasques d'informaci\u00f3, formaci\u00f3, assessorament i altres activitats pr\u00f2pies de PROIPAFISA, SL<\/span><\/p>\n<p class=\"p2\"><span class=\"s1\">Aquestes dades nom\u00e9s seran cedides a aquelles entitats que siguin necess\u00e0ries amb l'\u00fanic objectiu de donar compliment a la finalitat exposada anteriorment.<\/span><\/p>\n<p class=\"p2\"><span class=\"s1\">PROIPAFISA, SL adopta les mesures necess\u00e0ries per garantir la seguretat, integritat i confidencialitat de les dades conforme al que disposa el Reglament (UE) 2016\/679 del Parlament Europeu i del Consell, de 27 d'abril de 2016, relatiu a la protecci\u00f3 de les persones f\u00edsiques pel que fa al tractament de dades personals ia la lliure circulaci\u00f3 d'aquestes, i derogant l'antiga LOPD, la nova Llei Org\u00e0nica 3\/2018, del 5 desembre, de Protecci\u00f3 de Dades i Garantia dels Drets Digitals (LOPDGDD ).<\/span><\/p>\n<p class=\"p2\"><span class=\"s1\">L'usuari podr\u00e0 en qualsevol moment exercitar els drets d'acc\u00e9s, oposici\u00f3, rectificaci\u00f3, cancel\u00b7laci\u00f3, limitaci\u00f3 i portabilitat reconeguts a l'esmentat Reglament (UE). L'exercici d'aquests drets el pot fer el propi usuari a trav\u00e9s de correu electr\u00f2nic a: proipa@proipafisa.com oa l'adre\u00e7a: C\/ Ter 78, Poligono Industrial, C.P. 17460: Celra (Girona).<\/span><\/p>\n<p class=\"p3\"><span class=\"s1\">L'usuari manifesta que totes les dades facilitades per ell s\u00f3n certes i correctes, i es compromet a mantenir-les actualitzades, comunicant els canvis a PROIPAFISA, SL<\/span><\/p>\n<p class=\"p4\"><span class=\"s1\"><b>Finalitat del tractament de les dades personals:<\/b><\/span><\/p>\n<p class=\"p2\"><span class=\"s1\"><b>Amb quina finalitat tractarem les teves dades personals?<\/b><\/span><\/p>\n<p class=\"p2\"><span class=\"s1\">A PROIPAFISA, SL , tractarem les teves dades personals recollides a trav\u00e9s del Lloc Web: https:\/\/www.proipafisa.com\/, amb les finalitats seg\u00fcents:<\/span><\/p>\n<ol class=\"ol1\">\n<li class=\"li5\"><span class=\"s3\">Facilitar la informaci\u00f3 sol\u00b7licitada per lusuari a trav\u00e9s del formulari de contacte.<\/span><\/li>\n<li class=\"li5\"><span class=\"s3\">Informar sobre el servei que es presta.<br><br><\/span><\/li>\n<\/ol>\n<p class=\"p2\"><span class=\"s1\">Et recordem que et pots oposar a l'enviament de comunicacions comercials per qualsevol via i en qualsevol moment, remetent un correu electr\u00f2nic a l'adre\u00e7a anteriorment indicada.<\/span><\/p>\n<p class=\"p2\"><span class=\"s1\">Els camps d'aquests registres s\u00f3n d'emplenament obligatori, i \u00e9s impossible fer les finalitats expressades si no s'aporten aquestes dades.<\/span><\/p>\n<p class=\"p2\"><span class=\"s1\"><b>Per quant de temps es conserven les dades personals recollides?<\/b><\/span><\/p>\n<p class=\"p6\"><span class=\"s1\">Les dades personals proporcionades es conservaran mentre es mantingui la relaci\u00f3 comercial o no en sol\u00b7liciti la supressi\u00f3 i durant el termini pel qual es puguin derivar responsabilitats legals pels serveis prestats.<\/span><\/p>\n<p class=\"p7\"><span class=\"s1\">Legitimaci\u00f3:<\/span><\/p>\n<p class=\"p2\"><span class=\"s1\">El tractament de les teves dades es realitza amb les bases jur\u00eddiques seg\u00fcents que legitimen el mateix:<\/span><\/p>\n<ol class=\"ol1\">\n<li class=\"li5\"><span class=\"s3\">La sol\u00b7licitud d'informaci\u00f3 i\/o la contractaci\u00f3 dels serveis de PROIPAFISA, SL, els termes i condicions dels quals es posaran a la teva disposici\u00f3 en tot cas, de forma pr\u00e8via a una eventual contractaci\u00f3.<\/span><\/li>\n<li class=\"li5\"><span class=\"s3\">El consentiment lliure, espec\u00edfic, informat i inequ\u00edvoc, mentre t'informem posant a la teva disposici\u00f3 aquesta pol\u00edtica de privadesa, que despr\u00e9s de la lectura de la mateixa, en cas d'estar conforme, pots acceptar mitjan\u00e7ant una declaraci\u00f3 o una clara acci\u00f3 afirmativa, com el marcatge d'una casella disposada a aquest efecte.<br><br><\/span><\/li>\n<\/ol>\n<p class=\"p6\"><span class=\"s1\">En cas que no ens facilitis les teves dades o ho facis de forma err\u00f2nia o incompleta, no podrem atendre la teva sol\u00b7licitud, resultant del tot impossible proporcionar-te la informaci\u00f3 sol\u00b7licitada o dur a terme la contractaci\u00f3 dels serveis.<\/span><\/p>\n<p class=\"p7\"><span class=\"s1\">Destinataris:<\/span><\/p>\n<p class=\"p6\"><span class=\"s1\">Les dades no es comunicaran a cap tercer ali\u00e8 a PROIPAFISA, SL, excepte obligaci\u00f3 legal.<\/span><\/p>\n<p class=\"p7\"><span class=\"s1\">Dades recopilades per usuaris dels serveis<\/span><\/p>\n<p class=\"p6\"><span class=\"s1\">En els casos en qu\u00e8 l'usuari inclogui fitxers amb dades de car\u00e0cter personal als servidors d'allotjament compartit, PROIPAFISA, SL no es fa responsable de l'incompliment per part de l'usuari de l'RGPD.<\/span><\/p>\n<p class=\"p7\"><span class=\"s1\">Drets propietat intel\u00b7lectual https:\/\/www.proipafisa.com\/<\/span><\/p>\n<p class=\"p2\"><span class=\"s1\">PROIPAFISA, SL \u00e9s titular de tots els drets d'autor, propietat intel\u00b7lectual, industrial, \"know how\" i tots els altres drets tenen relaci\u00f3 amb els continguts del lloc web https:\/\/www.proipafisa.com\/ i els serveis que s'hi ofereixen. , aix\u00ed com dels programes necessaris per a la seva implementaci\u00f3 i la informaci\u00f3 relacionada.<\/span><\/p>\n<p class=\"p6\"><span class=\"s1\">No es permet la reproducci\u00f3, publicaci\u00f3 i\/o \u00fas no estrictament privat dels continguts, totals o parcials, del lloc web https:\/\/www.proipafisa.com\/ sense el consentiment previ i per escrit.<\/span><\/p>\n<p class=\"p7\"><span class=\"s1\">Propietat intel\u00b7lectual del programari<\/span><\/p>\n<p class=\"p2\"><span class=\"s1\">L'usuari ha de respectar els programes de tercers posats a la seva disposici\u00f3 per PROIPAFISA, SL, tot i ser gratu\u00efts i\/o de disposici\u00f3 p\u00fablica.<\/span><\/p>\n<p class=\"p2\"><span class=\"s1\">PROIPAFISA, SL disposa dels drets d'explotaci\u00f3 i propietat intel\u00b7lectual necessaris del programari.<\/span><\/p>\n<p class=\"p2\"><span class=\"s1\">L'usuari no adquireix cap dret o llic\u00e8ncia pel servei contractat, sobre el programari necessari per a la prestaci\u00f3 del servei, ni tampoc sobre la informaci\u00f3 t\u00e8cnica de seguiment del servei, excepci\u00f3 feta dels drets i llic\u00e8ncies necessaris per al compliment dels serveis contractats i \u00fanicament durant la durada dels mateixos.<\/span><\/p>\n<p class=\"p6\"><span class=\"s1\">Per a tota actuaci\u00f3 que excedeixi el compliment del contracte, l'usuari necessitar\u00e0 autoritzaci\u00f3 per escrit per part de PROIPAFISA, SL, quedant prohibit a l'usuari accedir, modificar, visualitzar la configuraci\u00f3, estructura i fitxers dels servidors propietat de PROIPAFISA, SL, assumint la responsabilitat civil i penal derivada de qualsevol incid\u00e8ncia que es pogu\u00e9s produir als servidors i sistemes de seguretat com a conseq\u00fc\u00e8ncia directa d'una actuaci\u00f3 negligent o maliciosa per part seva.<\/span><\/p>\n<p class=\"p7\"><span class=\"s1\">Propietat intel\u00b7lectual dels continguts allotjats<\/span><\/p>\n<p class=\"p2\"><span class=\"s1\">Es prohibeix l'\u00fas contrari a la legislaci\u00f3 sobre propietat intel\u00b7lectual dels serveis prestats per PROIPAFISA, SL i, en particular:<\/span><\/p>\n<ol class=\"ol1\">\n<li class=\"li5\"><span class=\"s3\">La utilitzaci\u00f3 que resulti contr\u00e0ria a les lleis espanyoles o que infringeixi els drets de tercers.<\/span><\/li>\n<li class=\"li5\"><span class=\"s3\">La publicaci\u00f3 o la transmissi\u00f3 de qualsevol contingut que, segons el parer de PROIPAFISA, SL, resulti violent, obsc\u00e8, abusiu, il\u00b7legal, racial, xen\u00f2fob o difamatori.<\/span><\/li>\n<li class=\"li5\"><span class=\"s3\">Els cracs, n\u00fameros de s\u00e8rie de programes o qualsevol altre contingut que vulneri drets de la propietat intel\u00b7lectual de tercers.<\/span><\/li>\n<li class=\"li5\"><span class=\"s3\">La recollida i\/o utilitzaci\u00f3 de dades personals d'altres usuaris sense el seu consentiment expr\u00e9s o contravenint el que disposa el Reglament (UE) 2016\/679 del Parlament Europeu i del Consell, de 27 d'abril de 2016, relatiu a la protecci\u00f3 de les persones f\u00edsiques pel que fa al tractament de dades personals ia la lliure circulaci\u00f3 d'aquestes.<\/span><\/li>\n<li class=\"li5\"><span class=\"s3\"><span class=\"s3\">La utilitzaci\u00f3 del servidor de correu del domini i de les adreces de correu electr\u00f2nic per a l'enviament de correu massiu no desitjat.<\/span><\/span>\n<p><\/p>\n<\/li>\n<\/ol>\n<p class=\"p2\"><span class=\"s1\">L'usuari t\u00e9 tota la responsabilitat sobre el contingut del web, la informaci\u00f3 transmesa i emmagatzemada, els enlla\u00e7os d'hipertext, les reivindicacions de tercers i les accions legals en refer\u00e8ncia a propietat intel\u00b7lectual, drets de tercers i protecci\u00f3 de menors.<\/span><\/p>\n<p class=\"p2\"><span class=\"s1\">L'usuari \u00e9s responsable respecte a les lleis i els reglaments en vigor i les regles que tenen a veure amb el funcionament del servei online, comer\u00e7 electr\u00f2nic, drets d'autor, manteniment de l'ordre p\u00fablic, aix\u00ed com principis universals d'\u00fas d'Internet.<\/span><\/p>\n<p class=\"p6\"><span class=\"s1\">L'usuari indemnitzar\u00e0 PROIPAFISA, SL per les despeses que gener\u00e9s la imputaci\u00f3 de PROIPAFISA, SL en alguna causa la responsabilitat de la qual fos atribu\u00efble a l'usuari, inclosos honoraris i despeses de defensa jur\u00eddica, fins i tot en el cas d'una decisi\u00f3 judicial no definitiva.<\/span><\/p>\n<p class=\"p7\"><span class=\"s1\">Protecci\u00f3 de la informaci\u00f3 allotjada<\/span><\/p>\n<p class=\"p2\"><span class=\"s1\">PROIPAFISA, SL realitza c\u00f2pies de seguretat dels continguts allotjats als seus servidors, per\u00f2 no es responsabilitza de la p\u00e8rdua o esborrament accidental de les dades per part dels usuaris. De la mateixa manera, no garanteix la reposici\u00f3 total de les dades esborrades pels usuaris, ja que les dades esmentades podrien haver estat suprimides i\/o modificades durant el per\u00edode del temps transcorregut des de l'\u00faltima c\u00f2pia de seguretat.<\/span><\/p>\n<p class=\"p2\"><span class=\"s1\">Els serveis oferts, excepte els serveis espec\u00edfics de backup, no inclouen la reposici\u00f3 dels continguts conservats a les c\u00f2pies de seguretat realitzades per PROIPAFISA, SL, quan aquesta p\u00e8rdua sigui imputable a l'usuari; en aquest cas, es determinar\u00e0 una tarifa d'acord amb la complexitat i el volum de la recuperaci\u00f3, sempre pr\u00e8via acceptaci\u00f3 de l'usuari.<\/span><\/p>\n<p class=\"p6\"><span class=\"s1\">La reposici\u00f3 de dades esborrades nom\u00e9s est\u00e0 inclosa en el preu del servei quan la p\u00e8rdua del contingut sigui deguda a causes atribu\u00efbles a PROIPAFISA, SL.<\/span><\/p>\n<p class=\"p7\"><span class=\"s1\">Comunicacions comercials<\/span><\/p>\n<p class=\"p2\"><span class=\"s1\">En aplicaci\u00f3 de la LSSI. PROIPAFISA, SL no enviar\u00e0 comunicacions publicit\u00e0ries o promocionals per correu electr\u00f2nic o altre mitj\u00e0 de comunicaci\u00f3 electr\u00f2nica equivalent que pr\u00e8viament no haguessin estat sol\u00b7licitades o expressament autoritzades pels destinataris de les mateixes.<\/span><\/p>\n<p class=\"p2\"><span class=\"s1\">En el cas d'usuaris amb qu\u00e8 hi hagi una relaci\u00f3 contractual pr\u00e8via, PROIPAFISA, SL s\u00ed que est\u00e0 autoritzat a l'enviament de comunicacions comercials referents a productes o serveis de PROIPAFISA, SL que siguin similars als que inicialment van ser objecte de contractaci\u00f3 amb el client.<\/span><\/p>\n<p class=\"p2\"><span class=\"s1\">En tot cas, l'usuari, despr\u00e9s d'acreditar-ne la identitat, podr\u00e0 sol\u00b7licitar que no se li faci arribar m\u00e9s informaci\u00f3 comercial a trav\u00e9s dels canals d'Atenci\u00f3 al Client.<\/span><\/p>\t\t\t\t\t\t\t\t<\/div>\n\t\t\t\t<\/div>\n\t\t\t\t\t<\/div>\n\t\t<\/div>\n\t\t\t\t\t<\/div>\n\t\t<\/section>\n\t\t\t\t<\/div>","protected":false},"excerpt":{"rendered":"<p>Pol\u00edtica de privacidad Protecci\u00f3n de datos de car\u00e1cter personal seg\u00fan el RGPD PROIPAFISA, SL , en aplicaci\u00f3n de la normativa vigente en materia de&nbsp;protecci\u00f3n de datos&nbsp;de car\u00e1cter personal, informa que los datos personales que se recogen a trav\u00e9s de los formularios del Sitio web: https:\/\/www.proipafisa.com\/, se incluyen en los ficheros automatizados espec\u00edficos de usuarios de [&hellip;]<\/p>\n","protected":false},"author":3,"featured_media":0,"parent":0,"menu_order":0,"comment_status":"closed","ping_status":"closed","template":"","meta":{"footnotes":""},"class_list":["post-1292","page","type-page","status-publish","hentry"],"_links":{"self":[{"href":"https:\/\/www.proipafisa.com\/ca\/wp-json\/wp\/v2\/pages\/1292","targetHints":{"allow":["GET"]}}],"collection":[{"href":"https:\/\/www.proipafisa.com\/ca\/wp-json\/wp\/v2\/pages"}],"about":[{"href":"https:\/\/www.proipafisa.com\/ca\/wp-json\/wp\/v2\/types\/page"}],"author":[{"embeddable":true,"href":"https:\/\/www.proipafisa.com\/ca\/wp-json\/wp\/v2\/users\/3"}],"replies":[{"embeddable":true,"href":"https:\/\/www.proipafisa.com\/ca\/wp-json\/wp\/v2\/comments?post=1292"}],"version-history":[{"count":19,"href":"https:\/\/www.proipafisa.com\/ca\/wp-json\/wp\/v2\/pages\/1292\/revisions"}],"predecessor-version":[{"id":1323,"href":"https:\/\/www.proipafisa.com\/ca\/wp-json\/wp\/v2\/pages\/1292\/revisions\/1323"}],"wp:attachment":[{"href":"https:\/\/www.proipafisa.com\/ca\/wp-json\/wp\/v2\/media?parent=1292"}],"curies":[{"name":"wp","href":"https:\/\/api.w.org\/{rel}","templated":true}]}}